{"id":843,"date":"2026-01-27T11:39:29","date_gmt":"2026-01-27T11:39:29","guid":{"rendered":"https:\/\/impact-afrik.com\/?page_id=843"},"modified":"2026-01-30T12:48:42","modified_gmt":"2026-01-30T12:48:42","slug":"responsabilite-societale-developpement-durable","status":"publish","type":"page","link":"https:\/\/impact-afrik.com\/en\/responsabilite-societale-developpement-durable\/","title":{"rendered":"Corporate Social Responsibility &amp; Sustainable Development"},"content":{"rendered":"<div data-elementor-type=\"wp-page\" data-elementor-id=\"843\" class=\"elementor elementor-843\">\n\t\t\t\t<div class=\"elementor-element elementor-element-64798c9 e-con-full e-flex e-con e-parent\" data-id=\"64798c9\" data-element_type=\"container\" data-e-type=\"container\">\n\t\t\t\t<div class=\"elementor-element elementor-element-52f460a elementor-widget elementor-widget-text-editor\" data-id=\"52f460a\" data-element_type=\"widget\" data-e-type=\"widget\" data-widget_type=\"text-editor.default\">\n\t\t\t\t\t\t\t\t\t<h3 data-start=\"405\" data-end=\"459\">Faire de l\u2019impact un levier de performance durable<\/h3><p data-start=\"461\" data-end=\"777\">La Responsabilit\u00e9 Soci\u00e9tale des Entreprises (RSE) et les enjeux de d\u00e9veloppement durable ne sont plus des options. Ils constituent aujourd\u2019hui des <strong data-start=\"608\" data-end=\"681\">leviers strat\u00e9giques de performance, d\u2019attractivit\u00e9 et de cr\u00e9dibilit\u00e9<\/strong>, tant pour les entreprises locales que pour celles qui \u00e9voluent sur des march\u00e9s internationaux.<\/p><p>\u00a0<\/p><p data-start=\"779\" data-end=\"1057\">Impact Afrik accompagne les organisations \u00e0 <strong data-start=\"823\" data-end=\"868\">comprendre, structurer et int\u00e9grer la RSE<\/strong> dans leur mod\u00e8le \u00e9conomique, en tenant compte des r\u00e9alit\u00e9s africaines, des enjeux sociaux et environnementaux locaux, et des attentes croissantes des partenaires, clients et investisseurs.<\/p>\t\t\t\t\t\t\t\t<\/div>\n\t\t\t\t<div class=\"elementor-element elementor-element-7a637e7 elementor-widget elementor-widget-heading\" data-id=\"7a637e7\" data-element_type=\"widget\" data-e-type=\"widget\" data-widget_type=\"heading.default\">\n\t\t\t\t\t<h2 class=\"elementor-heading-title elementor-size-default\">Sujets de formation<\/h2>\t\t\t\t<\/div>\n\t\t\t\t<\/div>\n\t\t<div class=\"elementor-element elementor-element-6ea1102 e-con-full e-flex e-con e-parent\" data-id=\"6ea1102\" data-element_type=\"container\" data-e-type=\"container\">\n\t\t<div class=\"elementor-element elementor-element-5f77400 e-con-full e-flex e-con e-child\" data-id=\"5f77400\" data-element_type=\"container\" data-e-type=\"container\">\n\t\t\t\t<div class=\"elementor-element elementor-element-3b6b02b elementor-widget elementor-widget-heading\" data-id=\"3b6b02b\" data-element_type=\"widget\" data-e-type=\"widget\" data-widget_type=\"heading.default\">\n\t\t\t\t\t<h3 class=\"elementor-heading-title elementor-size-default\">Introduction \u00e0 la RSE et au d\u00e9veloppement en Afrique<\/h3>\t\t\t\t<\/div>\n\t\t\t\t<div class=\"elementor-element elementor-element-60bd95a elementor-widget elementor-widget-text-editor\" data-id=\"60bd95a\" data-element_type=\"widget\" data-e-type=\"widget\" data-widget_type=\"text-editor.default\">\n\t\t\t\t\t\t\t\t\t<p>Cette formation pose les bases de la RSE et du d\u00e9veloppement durable, en les repla\u00e7ant dans le contexte africain et s\u00e9n\u00e9galais.<\/p>\t\t\t\t\t\t\t\t<\/div>\n\t\t\t\t<\/div>\n\t\t<div class=\"elementor-element elementor-element-98c7f03 e-con-full e-flex e-con e-child\" data-id=\"98c7f03\" data-element_type=\"container\" data-e-type=\"container\">\n\t\t\t\t<div class=\"elementor-element elementor-element-c3047cd elementor-widget elementor-widget-image\" data-id=\"c3047cd\" data-element_type=\"widget\" data-e-type=\"widget\" data-widget_type=\"image.default\">\n\t\t\t\t\t\t\t\t\t\t\t\t\t\t\t<img fetchpriority=\"high\" decoding=\"async\" width=\"950\" height=\"534\" src=\"https:\/\/impact-afrik.com\/wp-content\/uploads\/2026\/01\/52-1024x576.png\" class=\"attachment-large size-large wp-image-1056\" alt=\"baobab\" srcset=\"https:\/\/impact-afrik.com\/wp-content\/uploads\/2026\/01\/52-1024x576.png 1024w, https:\/\/impact-afrik.com\/wp-content\/uploads\/2026\/01\/52-300x169.png 300w, https:\/\/impact-afrik.com\/wp-content\/uploads\/2026\/01\/52-1536x864.png 1536w, https:\/\/impact-afrik.com\/wp-content\/uploads\/2026\/01\/52-18x10.png 18w, https:\/\/impact-afrik.com\/wp-content\/uploads\/2026\/01\/52.png 1920w\" sizes=\"100vw\" \/>\t\t\t\t\t\t\t\t\t\t\t\t\t\t\t<\/div>\n\t\t\t\t<\/div>\n\t\t\t\t<\/div>\n\t\t<div class=\"elementor-element elementor-element-e314924 e-con-full e-flex e-con e-parent\" data-id=\"e314924\" data-element_type=\"container\" data-e-type=\"container\">\n\t\t<div class=\"elementor-element elementor-element-e833511 e-con-full e-flex e-con e-child\" data-id=\"e833511\" data-element_type=\"container\" data-e-type=\"container\">\n\t\t\t\t<div class=\"elementor-element elementor-element-2673c5b elementor-widget elementor-widget-image\" data-id=\"2673c5b\" data-element_type=\"widget\" data-e-type=\"widget\" data-widget_type=\"image.default\">\n\t\t\t\t\t\t\t\t\t\t\t\t\t\t\t<img decoding=\"async\" width=\"950\" height=\"534\" src=\"https:\/\/impact-afrik.com\/wp-content\/uploads\/2026\/01\/53-1024x576.png\" class=\"attachment-large size-large wp-image-1057\" alt=\"\" srcset=\"https:\/\/impact-afrik.com\/wp-content\/uploads\/2026\/01\/53-1024x576.png 1024w, https:\/\/impact-afrik.com\/wp-content\/uploads\/2026\/01\/53-300x169.png 300w, https:\/\/impact-afrik.com\/wp-content\/uploads\/2026\/01\/53-1536x864.png 1536w, https:\/\/impact-afrik.com\/wp-content\/uploads\/2026\/01\/53-18x10.png 18w, https:\/\/impact-afrik.com\/wp-content\/uploads\/2026\/01\/53.png 1920w\" sizes=\"100vw\" \/>\t\t\t\t\t\t\t\t\t\t\t\t\t\t\t<\/div>\n\t\t\t\t<\/div>\n\t\t<div class=\"elementor-element elementor-element-b8fdf05 e-con-full e-flex e-con e-child\" data-id=\"b8fdf05\" data-element_type=\"container\" data-e-type=\"container\">\n\t\t\t\t<div class=\"elementor-element elementor-element-06d502e elementor-widget elementor-widget-heading\" data-id=\"06d502e\" data-element_type=\"widget\" data-e-type=\"widget\" data-widget_type=\"heading.default\">\n\t\t\t\t\t<h3 class=\"elementor-heading-title elementor-size-default\">Int\u00e9grer la RSE dans la strat\u00e9gie d'entreprise<\/h3>\t\t\t\t<\/div>\n\t\t\t\t<div class=\"elementor-element elementor-element-a837444 elementor-widget elementor-widget-text-editor\" data-id=\"a837444\" data-element_type=\"widget\" data-e-type=\"widget\" data-widget_type=\"text-editor.default\">\n\t\t\t\t\t\t\t\t\t<p>Cette formation accompagne les entreprises \u00e0 int\u00e9grer la RSE au c\u0153ur de leur strat\u00e9gie globale, et non comme une action isol\u00e9e.<\/p>\t\t\t\t\t\t\t\t<\/div>\n\t\t\t\t<\/div>\n\t\t\t\t<\/div>\n\t\t<div class=\"elementor-element elementor-element-0e43b15 e-con-full e-flex e-con e-parent\" data-id=\"0e43b15\" data-element_type=\"container\" data-e-type=\"container\">\n\t\t<div class=\"elementor-element elementor-element-5e74236 e-con-full e-flex e-con e-child\" data-id=\"5e74236\" data-element_type=\"container\" data-e-type=\"container\">\n\t\t\t\t<div class=\"elementor-element elementor-element-84bc489 elementor-widget elementor-widget-heading\" data-id=\"84bc489\" data-element_type=\"widget\" data-e-type=\"widget\" data-widget_type=\"heading.default\">\n\t\t\t\t\t<h3 class=\"elementor-heading-title elementor-size-default\">Mesure et communication de l'impact<\/h3>\t\t\t\t<\/div>\n\t\t\t\t<div class=\"elementor-element elementor-element-5d4f7f6 elementor-widget elementor-widget-text-editor\" data-id=\"5d4f7f6\" data-element_type=\"widget\" data-e-type=\"widget\" data-widget_type=\"text-editor.default\">\n\t\t\t\t\t\t\t\t\t<p>Mesurer son impact est essentiel pour piloter, am\u00e9liorer et valoriser ses actions. Cette formation donne les cl\u00e9s pour structurer une d\u00e9marche cr\u00e9dible.<\/p>\t\t\t\t\t\t\t\t<\/div>\n\t\t\t\t<\/div>\n\t\t<div class=\"elementor-element elementor-element-bb8762b e-con-full e-flex e-con e-child\" data-id=\"bb8762b\" data-element_type=\"container\" data-e-type=\"container\">\n\t\t\t\t<div class=\"elementor-element elementor-element-dc1ef30 elementor-widget elementor-widget-image\" data-id=\"dc1ef30\" data-element_type=\"widget\" data-e-type=\"widget\" data-widget_type=\"image.default\">\n\t\t\t\t\t\t\t\t\t\t\t\t\t\t\t<img decoding=\"async\" width=\"950\" height=\"534\" src=\"https:\/\/impact-afrik.com\/wp-content\/uploads\/2026\/01\/54-1024x576.png\" class=\"attachment-large size-large wp-image-1058\" alt=\"\" srcset=\"https:\/\/impact-afrik.com\/wp-content\/uploads\/2026\/01\/54-1024x576.png 1024w, https:\/\/impact-afrik.com\/wp-content\/uploads\/2026\/01\/54-300x169.png 300w, https:\/\/impact-afrik.com\/wp-content\/uploads\/2026\/01\/54-1536x864.png 1536w, https:\/\/impact-afrik.com\/wp-content\/uploads\/2026\/01\/54-18x10.png 18w, https:\/\/impact-afrik.com\/wp-content\/uploads\/2026\/01\/54.png 1920w\" sizes=\"100vw\" \/>\t\t\t\t\t\t\t\t\t\t\t\t\t\t\t<\/div>\n\t\t\t\t<\/div>\n\t\t\t\t<\/div>\n\t\t<div class=\"elementor-element elementor-element-448037b e-con-full e-flex e-con e-parent\" data-id=\"448037b\" data-element_type=\"container\" data-e-type=\"container\">\n\t\t<div class=\"elementor-element elementor-element-f45cea7 e-con-full e-flex e-con e-child\" data-id=\"f45cea7\" data-element_type=\"container\" data-e-type=\"container\">\n\t\t\t\t<div class=\"elementor-element elementor-element-a82c81d elementor-widget elementor-widget-image\" data-id=\"a82c81d\" data-element_type=\"widget\" data-e-type=\"widget\" data-widget_type=\"image.default\">\n\t\t\t\t\t\t\t\t\t\t\t\t\t\t\t<img loading=\"lazy\" decoding=\"async\" width=\"950\" height=\"534\" src=\"https:\/\/impact-afrik.com\/wp-content\/uploads\/2026\/01\/55-1024x576.png\" class=\"attachment-large size-large wp-image-1059\" alt=\"\" srcset=\"https:\/\/impact-afrik.com\/wp-content\/uploads\/2026\/01\/55-1024x576.png 1024w, https:\/\/impact-afrik.com\/wp-content\/uploads\/2026\/01\/55-300x169.png 300w, https:\/\/impact-afrik.com\/wp-content\/uploads\/2026\/01\/55-1536x864.png 1536w, https:\/\/impact-afrik.com\/wp-content\/uploads\/2026\/01\/55-18x10.png 18w, https:\/\/impact-afrik.com\/wp-content\/uploads\/2026\/01\/55.png 1920w\" sizes=\"100vw\" \/>\t\t\t\t\t\t\t\t\t\t\t\t\t\t\t<\/div>\n\t\t\t\t<\/div>\n\t\t<div class=\"elementor-element elementor-element-5c0f7d0 e-con-full e-flex e-con e-child\" data-id=\"5c0f7d0\" data-element_type=\"container\" data-e-type=\"container\">\n\t\t\t\t<div class=\"elementor-element elementor-element-b726300 elementor-widget elementor-widget-heading\" data-id=\"b726300\" data-element_type=\"widget\" data-e-type=\"widget\" data-widget_type=\"heading.default\">\n\t\t\t\t\t<h3 class=\"elementor-heading-title elementor-size-default\">Elaboration d'un politique RSE<\/h3>\t\t\t\t<\/div>\n\t\t\t\t<div class=\"elementor-element elementor-element-3376147 elementor-widget elementor-widget-text-editor\" data-id=\"3376147\" data-element_type=\"widget\" data-e-type=\"widget\" data-widget_type=\"text-editor.default\">\n\t\t\t\t\t\t\t\t\t<p>Cette formation guide les entreprises dans la construction d\u2019une politique RSE claire, structur\u00e9e et adapt\u00e9e \u00e0 leur r\u00e9alit\u00e9.<\/p>\t\t\t\t\t\t\t\t<\/div>\n\t\t\t\t<\/div>\n\t\t\t\t<\/div>\n\t\t<div class=\"elementor-element elementor-element-61af96b e-con-full e-flex e-con e-parent\" data-id=\"61af96b\" data-element_type=\"container\" data-e-type=\"container\">\n\t\t<div class=\"elementor-element elementor-element-a713421 e-con-full e-flex e-con e-child\" data-id=\"a713421\" data-element_type=\"container\" data-e-type=\"container\">\n\t\t\t\t<div class=\"elementor-element elementor-element-f092c71 elementor-widget elementor-widget-heading\" data-id=\"f092c71\" data-element_type=\"widget\" data-e-type=\"widget\" data-widget_type=\"heading.default\">\n\t\t\t\t\t<h3 class=\"elementor-heading-title elementor-size-default\">Sensibilisation des \u00e9quipes aux enjeux ESG<\/h3>\t\t\t\t<\/div>\n\t\t\t\t<div class=\"elementor-element elementor-element-0185af9 elementor-widget elementor-widget-text-editor\" data-id=\"0185af9\" data-element_type=\"widget\" data-e-type=\"widget\" data-widget_type=\"text-editor.default\">\n\t\t\t\t\t\t\t\t\t<p>Cette formation permet de comprendre les enjeux Environnementaux, Sociaux et de Gouvernance (ESG) et leur impact sur l\u2019entreprise.<\/p>\t\t\t\t\t\t\t\t<\/div>\n\t\t\t\t<\/div>\n\t\t<div class=\"elementor-element elementor-element-8386576 e-con-full e-flex e-con e-child\" data-id=\"8386576\" data-element_type=\"container\" data-e-type=\"container\">\n\t\t\t\t<div class=\"elementor-element elementor-element-58024a3 elementor-widget elementor-widget-image\" data-id=\"58024a3\" data-element_type=\"widget\" data-e-type=\"widget\" data-widget_type=\"image.default\">\n\t\t\t\t\t\t\t\t\t\t\t\t\t\t\t<img loading=\"lazy\" decoding=\"async\" width=\"950\" height=\"534\" src=\"https:\/\/impact-afrik.com\/wp-content\/uploads\/2026\/01\/56-1024x576.png\" class=\"attachment-large size-large wp-image-1060\" alt=\"\" srcset=\"https:\/\/impact-afrik.com\/wp-content\/uploads\/2026\/01\/56-1024x576.png 1024w, https:\/\/impact-afrik.com\/wp-content\/uploads\/2026\/01\/56-300x169.png 300w, https:\/\/impact-afrik.com\/wp-content\/uploads\/2026\/01\/56-1536x864.png 1536w, https:\/\/impact-afrik.com\/wp-content\/uploads\/2026\/01\/56-18x10.png 18w, https:\/\/impact-afrik.com\/wp-content\/uploads\/2026\/01\/56.png 1920w\" sizes=\"100vw\" \/>\t\t\t\t\t\t\t\t\t\t\t\t\t\t\t<\/div>\n\t\t\t\t<\/div>\n\t\t\t\t<\/div>\n\t\t<div class=\"elementor-element elementor-element-6004395 e-con-full e-flex e-con e-parent\" data-id=\"6004395\" data-element_type=\"container\" data-e-type=\"container\">\n\t\t<div class=\"elementor-element elementor-element-8d5c2ed e-con-full e-flex e-con e-child\" data-id=\"8d5c2ed\" data-element_type=\"container\" data-e-type=\"container\">\n\t\t\t\t<div class=\"elementor-element elementor-element-27a7a01 elementor-widget elementor-widget-image\" data-id=\"27a7a01\" data-element_type=\"widget\" data-e-type=\"widget\" data-widget_type=\"image.default\">\n\t\t\t\t\t\t\t\t\t\t\t\t\t\t\t<img loading=\"lazy\" decoding=\"async\" width=\"950\" height=\"534\" src=\"https:\/\/impact-afrik.com\/wp-content\/uploads\/2026\/01\/57-1024x576.png\" class=\"attachment-large size-large wp-image-1061\" alt=\"\" srcset=\"https:\/\/impact-afrik.com\/wp-content\/uploads\/2026\/01\/57-1024x576.png 1024w, https:\/\/impact-afrik.com\/wp-content\/uploads\/2026\/01\/57-300x169.png 300w, https:\/\/impact-afrik.com\/wp-content\/uploads\/2026\/01\/57-1536x864.png 1536w, https:\/\/impact-afrik.com\/wp-content\/uploads\/2026\/01\/57-18x10.png 18w, https:\/\/impact-afrik.com\/wp-content\/uploads\/2026\/01\/57.png 1920w\" sizes=\"100vw\" \/>\t\t\t\t\t\t\t\t\t\t\t\t\t\t\t<\/div>\n\t\t\t\t<\/div>\n\t\t<div class=\"elementor-element elementor-element-be30dcd e-con-full e-flex e-con e-child\" data-id=\"be30dcd\" data-element_type=\"container\" data-e-type=\"container\">\n\t\t\t\t<div class=\"elementor-element elementor-element-d915268 elementor-widget elementor-widget-heading\" data-id=\"d915268\" data-element_type=\"widget\" data-e-type=\"widget\" data-widget_type=\"heading.default\">\n\t\t\t\t\t<h3 class=\"elementor-heading-title elementor-size-default\">Comprendre les standards et r\u00e9f\u00e9rentiels RSE<\/h3>\t\t\t\t<\/div>\n\t\t\t\t<div class=\"elementor-element elementor-element-93f596e elementor-widget elementor-widget-text-editor\" data-id=\"93f596e\" data-element_type=\"widget\" data-e-type=\"widget\" data-widget_type=\"text-editor.default\">\n\t\t\t\t\t\t\t\t\t<p>Cette formation apporte une lecture claire et simplifi\u00e9e des principaux standards et r\u00e9f\u00e9rentiels RSE, sans complexit\u00e9 inutile.<\/p>\t\t\t\t\t\t\t\t<\/div>\n\t\t\t\t<\/div>\n\t\t\t\t<\/div>\n\t\t\t\t<\/div>","protected":false},"excerpt":{"rendered":"<p>Faire de l\u2019impact un levier de performance durable La Responsabilit\u00e9 Soci\u00e9tale des Entreprises (RSE) et les enjeux de d\u00e9veloppement durable ne sont plus des options. Ils constituent aujourd\u2019hui des leviers strat\u00e9giques de performance, d\u2019attractivit\u00e9 et de cr\u00e9dibilit\u00e9, tant pour les entreprises locales que pour celles qui \u00e9voluent sur des march\u00e9s internationaux. \u00a0 Impact Afrik accompagne &hellip; <\/p>\n<p class=\"link-more\"><a href=\"https:\/\/impact-afrik.com\/en\/responsabilite-societale-developpement-durable\/\" class=\"more-link\">Read more<span class=\"screen-reader-text\"> \u00ab\u00a0Responsabilit\u00e9 Soci\u00e9tale &#038; D\u00e9veloppement Durable\u00a0\u00bb<\/span><\/a><\/p>","protected":false},"author":1,"featured_media":0,"parent":0,"menu_order":0,"comment_status":"closed","ping_status":"closed","template":"","meta":{"inspiro_hide_title":false,"footnotes":""},"class_list":["post-843","page","type-page","status-publish","hentry"],"_links":{"self":[{"href":"https:\/\/impact-afrik.com\/en\/wp-json\/wp\/v2\/pages\/843","targetHints":{"allow":["GET"]}}],"collection":[{"href":"https:\/\/impact-afrik.com\/en\/wp-json\/wp\/v2\/pages"}],"about":[{"href":"https:\/\/impact-afrik.com\/en\/wp-json\/wp\/v2\/types\/page"}],"author":[{"embeddable":true,"href":"https:\/\/impact-afrik.com\/en\/wp-json\/wp\/v2\/users\/1"}],"replies":[{"embeddable":true,"href":"https:\/\/impact-afrik.com\/en\/wp-json\/wp\/v2\/comments?post=843"}],"version-history":[{"count":10,"href":"https:\/\/impact-afrik.com\/en\/wp-json\/wp\/v2\/pages\/843\/revisions"}],"predecessor-version":[{"id":1064,"href":"https:\/\/impact-afrik.com\/en\/wp-json\/wp\/v2\/pages\/843\/revisions\/1064"}],"wp:attachment":[{"href":"https:\/\/impact-afrik.com\/en\/wp-json\/wp\/v2\/media?parent=843"}],"curies":[{"name":"wp","href":"https:\/\/api.w.org\/{rel}","templated":true}]}}