{"id":838,"date":"2026-01-27T10:30:34","date_gmt":"2026-01-27T10:30:34","guid":{"rendered":"https:\/\/impact-afrik.com\/?page_id=838"},"modified":"2026-03-27T18:59:05","modified_gmt":"2026-03-27T18:59:05","slug":"laccueil-et-lexperience-client-au-coeur-de-votre-performance","status":"publish","type":"page","link":"https:\/\/impact-afrik.com\/en\/laccueil-et-lexperience-client-au-coeur-de-votre-performance\/","title":{"rendered":"L\u2019accueil et l\u2019exp\u00e9rience client au c\u0153ur de votre performance"},"content":{"rendered":"<div data-elementor-type=\"wp-page\" data-elementor-id=\"838\" class=\"elementor elementor-838\">\n\t\t\t\t<div class=\"elementor-element elementor-element-a1463e0 e-con-full e-flex e-con e-parent\" data-id=\"a1463e0\" data-element_type=\"container\" data-e-type=\"container\">\n\t\t\t\t<div class=\"elementor-element elementor-element-4c5f3e9 elementor-widget elementor-widget-heading\" data-id=\"4c5f3e9\" data-element_type=\"widget\" data-e-type=\"widget\" data-widget_type=\"heading.default\">\n\t\t\t\t\t<h2 class=\"elementor-heading-title elementor-size-default\">Exp\u00e9rience client : transformer chaque interaction en levier de confiance, de fid\u00e9lit\u00e9 et de croissance<\/h2>\t\t\t\t<\/div>\n\t\t\t\t<div class=\"elementor-element elementor-element-a6f4bcd elementor-widget elementor-widget-text-editor\" data-id=\"a6f4bcd\" data-element_type=\"widget\" data-e-type=\"widget\" data-widget_type=\"text-editor.default\">\n\t\t\t\t\t\t\t\t\t<p data-start=\"415\" data-end=\"502\"><span style=\"color: #020202; font-family: Inter, sans-serif; font-size: 16px; font-weight: 400;\">L\u2019exp\u00e9rience client ne se limite plus \u00e0 un simple service rendu : elle est devenue un <\/span><strong style=\"color: #020202; font-family: Inter, sans-serif; font-size: 16px;\" data-start=\"590\" data-end=\"657\">facteur cl\u00e9 de diff\u00e9renciation, de rentabilit\u00e9 et de r\u00e9putation<\/strong><span style=\"color: #020202; font-family: Inter, sans-serif; font-size: 16px; font-weight: 400;\">.<\/span><\/p><p data-start=\"504\" data-end=\"787\">Dans un contexte o\u00f9 les clients sont de plus en plus exigeants et inform\u00e9s, chaque interaction compte, d\u00e8s le premier contact.<\/p><p data-start=\"789\" data-end=\"1029\">Impact Afrik accompagne les entreprises \u00e0 structurer une <strong data-start=\"846\" data-end=\"891\">culture du service client professionnelle<\/strong>, en valorisant les codes de l\u2019hospitalit\u00e9 africaine tout en les adaptant aux standards attendus par les clients locaux et internationaux.<\/p>\t\t\t\t\t\t\t\t<\/div>\n\t\t\t\t<div class=\"elementor-element elementor-element-edb8a1b elementor-widget elementor-widget-heading\" data-id=\"edb8a1b\" data-element_type=\"widget\" data-e-type=\"widget\" data-widget_type=\"heading.default\">\n\t\t\t\t\t<h2 class=\"elementor-heading-title elementor-size-default\">Sujets de formation<\/h2>\t\t\t\t<\/div>\n\t\t\t\t<\/div>\n\t\t<div class=\"elementor-element elementor-element-db6185f e-con-full e-flex e-con e-parent\" data-id=\"db6185f\" data-element_type=\"container\" data-e-type=\"container\">\n\t\t<div class=\"elementor-element elementor-element-d51d5d0 e-con-full e-flex e-con e-child\" data-id=\"d51d5d0\" data-element_type=\"container\" data-e-type=\"container\">\n\t\t\t\t<div class=\"elementor-element elementor-element-839584b elementor-widget elementor-widget-heading\" data-id=\"839584b\" data-element_type=\"widget\" data-e-type=\"widget\" data-widget_type=\"heading.default\">\n\t\t\t\t\t<h3 class=\"elementor-heading-title elementor-size-default\">Les piliers du service client<\/h3>\t\t\t\t<\/div>\n\t\t\t\t<div class=\"elementor-element elementor-element-10c7b92 elementor-widget elementor-widget-text-editor\" data-id=\"10c7b92\" data-element_type=\"widget\" data-e-type=\"widget\" data-widget_type=\"text-editor.default\">\n\t\t\t\t\t\t\t\t\t<p>Cette formation pose les fondamentaux d\u2019un service client structur\u00e9 et coh\u00e9rent, quel que soit le secteur d\u2019activit\u00e9.<\/p>\t\t\t\t\t\t\t\t<\/div>\n\t\t\t\t<\/div>\n\t\t<div class=\"elementor-element elementor-element-d6c0526 e-con-full e-flex e-con e-child\" data-id=\"d6c0526\" data-element_type=\"container\" data-e-type=\"container\">\n\t\t\t\t<div class=\"elementor-element elementor-element-69086e3 elementor-widget elementor-widget-image\" data-id=\"69086e3\" data-element_type=\"widget\" data-e-type=\"widget\" data-widget_type=\"image.default\">\n\t\t\t\t\t\t\t\t\t\t\t\t\t\t\t<img fetchpriority=\"high\" decoding=\"async\" width=\"950\" height=\"534\" src=\"https:\/\/impact-afrik.com\/wp-content\/uploads\/2026\/01\/44-1024x576.png\" class=\"attachment-large size-large wp-image-1045\" alt=\"\" srcset=\"https:\/\/impact-afrik.com\/wp-content\/uploads\/2026\/01\/44-1024x576.png 1024w, https:\/\/impact-afrik.com\/wp-content\/uploads\/2026\/01\/44-300x169.png 300w, https:\/\/impact-afrik.com\/wp-content\/uploads\/2026\/01\/44-1536x864.png 1536w, https:\/\/impact-afrik.com\/wp-content\/uploads\/2026\/01\/44-18x10.png 18w, https:\/\/impact-afrik.com\/wp-content\/uploads\/2026\/01\/44.png 1920w\" sizes=\"100vw\" \/>\t\t\t\t\t\t\t\t\t\t\t\t\t\t\t<\/div>\n\t\t\t\t<\/div>\n\t\t\t\t<\/div>\n\t\t<div class=\"elementor-element elementor-element-5d93617 e-con-full e-flex e-con e-parent\" data-id=\"5d93617\" data-element_type=\"container\" data-e-type=\"container\">\n\t\t<div class=\"elementor-element elementor-element-512142b e-con-full e-flex e-con e-child\" data-id=\"512142b\" data-element_type=\"container\" data-e-type=\"container\">\n\t\t\t\t<div class=\"elementor-element elementor-element-cd0e03f elementor-widget elementor-widget-image\" data-id=\"cd0e03f\" data-element_type=\"widget\" data-e-type=\"widget\" data-widget_type=\"image.default\">\n\t\t\t\t\t\t\t\t\t\t\t\t\t\t\t<img decoding=\"async\" width=\"950\" height=\"534\" src=\"https:\/\/impact-afrik.com\/wp-content\/uploads\/2026\/01\/45-1024x576.png\" class=\"attachment-large size-large wp-image-1046\" alt=\"\" srcset=\"https:\/\/impact-afrik.com\/wp-content\/uploads\/2026\/01\/45-1024x576.png 1024w, https:\/\/impact-afrik.com\/wp-content\/uploads\/2026\/01\/45-300x169.png 300w, https:\/\/impact-afrik.com\/wp-content\/uploads\/2026\/01\/45-1536x864.png 1536w, https:\/\/impact-afrik.com\/wp-content\/uploads\/2026\/01\/45-18x10.png 18w, https:\/\/impact-afrik.com\/wp-content\/uploads\/2026\/01\/45.png 1920w\" sizes=\"100vw\" \/>\t\t\t\t\t\t\t\t\t\t\t\t\t\t\t<\/div>\n\t\t\t\t<\/div>\n\t\t<div class=\"elementor-element elementor-element-4e2b508 e-con-full e-flex e-con e-child\" data-id=\"4e2b508\" data-element_type=\"container\" data-e-type=\"container\">\n\t\t\t\t<div class=\"elementor-element elementor-element-667cdc9 elementor-widget elementor-widget-heading\" data-id=\"667cdc9\" data-element_type=\"widget\" data-e-type=\"widget\" data-widget_type=\"heading.default\">\n\t\t\t\t\t<h3 class=\"elementor-heading-title elementor-size-default\">Cas concrets africains : bonnes et mauvaises pratiques<\/h3>\t\t\t\t<\/div>\n\t\t\t\t<div class=\"elementor-element elementor-element-433d4b6 elementor-widget elementor-widget-text-editor\" data-id=\"433d4b6\" data-element_type=\"widget\" data-e-type=\"widget\" data-widget_type=\"text-editor.default\">\n\t\t\t\t\t\t\t\t\t<p>\u00c0 travers des exemples issus du contexte africain, cette formation analyse les pratiques courantes du service client et leurs impacts r\u00e9els.<\/p>\t\t\t\t\t\t\t\t<\/div>\n\t\t\t\t<\/div>\n\t\t\t\t<\/div>\n\t\t<div class=\"elementor-element elementor-element-a945f6b e-con-full e-flex e-con e-parent\" data-id=\"a945f6b\" data-element_type=\"container\" data-e-type=\"container\">\n\t\t<div class=\"elementor-element elementor-element-ae88135 e-con-full e-flex e-con e-child\" data-id=\"ae88135\" data-element_type=\"container\" data-e-type=\"container\">\n\t\t\t\t<div class=\"elementor-element elementor-element-09a3749 elementor-widget elementor-widget-heading\" data-id=\"09a3749\" data-element_type=\"widget\" data-e-type=\"widget\" data-widget_type=\"heading.default\">\n\t\t\t\t\t<h3 class=\"elementor-heading-title elementor-size-default\">Le lien entre exp\u00e9rience client et rentabilit\u00e9<\/h3>\t\t\t\t<\/div>\n\t\t\t\t<div class=\"elementor-element elementor-element-4f48348 elementor-widget elementor-widget-text-editor\" data-id=\"4f48348\" data-element_type=\"widget\" data-e-type=\"widget\" data-widget_type=\"text-editor.default\">\n\t\t\t\t\t\t\t\t\t<p>Une bonne exp\u00e9rience client g\u00e9n\u00e8re de la valeur. Cette formation montre comment le service client influence directement la rentabilit\u00e9 et la performance \u00e9conomique.<\/p>\t\t\t\t\t\t\t\t<\/div>\n\t\t\t\t<\/div>\n\t\t<div class=\"elementor-element elementor-element-8143e10 e-con-full e-flex e-con e-child\" data-id=\"8143e10\" data-element_type=\"container\" data-e-type=\"container\">\n\t\t\t\t<div class=\"elementor-element elementor-element-97d1cbf elementor-widget elementor-widget-image\" data-id=\"97d1cbf\" data-element_type=\"widget\" data-e-type=\"widget\" data-widget_type=\"image.default\">\n\t\t\t\t\t\t\t\t\t\t\t\t\t\t\t<img decoding=\"async\" width=\"950\" height=\"534\" src=\"https:\/\/impact-afrik.com\/wp-content\/uploads\/2026\/01\/46-1024x576.png\" class=\"attachment-large size-large wp-image-1047\" alt=\"\" srcset=\"https:\/\/impact-afrik.com\/wp-content\/uploads\/2026\/01\/46-1024x576.png 1024w, https:\/\/impact-afrik.com\/wp-content\/uploads\/2026\/01\/46-300x169.png 300w, https:\/\/impact-afrik.com\/wp-content\/uploads\/2026\/01\/46-1536x864.png 1536w, https:\/\/impact-afrik.com\/wp-content\/uploads\/2026\/01\/46-18x10.png 18w, https:\/\/impact-afrik.com\/wp-content\/uploads\/2026\/01\/46.png 1920w\" sizes=\"100vw\" \/>\t\t\t\t\t\t\t\t\t\t\t\t\t\t\t<\/div>\n\t\t\t\t<\/div>\n\t\t\t\t<\/div>\n\t\t<div class=\"elementor-element elementor-element-e6bba21 e-con-full e-flex e-con e-parent\" data-id=\"e6bba21\" data-element_type=\"container\" data-e-type=\"container\">\n\t\t<div class=\"elementor-element elementor-element-6e8d121 e-con-full e-flex e-con e-child\" data-id=\"6e8d121\" data-element_type=\"container\" data-e-type=\"container\">\n\t\t\t\t<div class=\"elementor-element elementor-element-03ef310 elementor-widget elementor-widget-image\" data-id=\"03ef310\" data-element_type=\"widget\" data-e-type=\"widget\" data-widget_type=\"image.default\">\n\t\t\t\t\t\t\t\t\t\t\t\t\t\t\t<img loading=\"lazy\" decoding=\"async\" width=\"950\" height=\"534\" src=\"https:\/\/impact-afrik.com\/wp-content\/uploads\/2026\/01\/47-1024x576.png\" class=\"attachment-large size-large wp-image-1048\" alt=\"\" srcset=\"https:\/\/impact-afrik.com\/wp-content\/uploads\/2026\/01\/47-1024x576.png 1024w, https:\/\/impact-afrik.com\/wp-content\/uploads\/2026\/01\/47-300x169.png 300w, https:\/\/impact-afrik.com\/wp-content\/uploads\/2026\/01\/47-1536x864.png 1536w, https:\/\/impact-afrik.com\/wp-content\/uploads\/2026\/01\/47-18x10.png 18w, https:\/\/impact-afrik.com\/wp-content\/uploads\/2026\/01\/47.png 1920w\" sizes=\"100vw\" \/>\t\t\t\t\t\t\t\t\t\t\t\t\t\t\t<\/div>\n\t\t\t\t<\/div>\n\t\t<div class=\"elementor-element elementor-element-f32a9f3 e-con-full e-flex e-con e-child\" data-id=\"f32a9f3\" data-element_type=\"container\" data-e-type=\"container\">\n\t\t\t\t<div class=\"elementor-element elementor-element-24e9bbc elementor-widget elementor-widget-heading\" data-id=\"24e9bbc\" data-element_type=\"widget\" data-e-type=\"widget\" data-widget_type=\"heading.default\">\n\t\t\t\t\t<h3 class=\"elementor-heading-title elementor-size-default\">La posture professionnelle : langage, attitude, pr\u00e9sentation<\/h3>\t\t\t\t<\/div>\n\t\t\t\t<div class=\"elementor-element elementor-element-0a44e5a elementor-widget elementor-widget-text-editor\" data-id=\"0a44e5a\" data-element_type=\"widget\" data-e-type=\"widget\" data-widget_type=\"text-editor.default\">\n\t\t\t\t\t\t\t\t\t<p>Le professionnalisme se per\u00e7oit autant dans l\u2019attitude que dans les mots. Cette formation travaille sur la posture individuelle et collective face au client.<\/p>\t\t\t\t\t\t\t\t<\/div>\n\t\t\t\t<\/div>\n\t\t\t\t<\/div>\n\t\t<div class=\"elementor-element elementor-element-75b6d89 e-con-full e-flex e-con e-parent\" data-id=\"75b6d89\" data-element_type=\"container\" data-e-type=\"container\">\n\t\t<div class=\"elementor-element elementor-element-d064b74 e-con-full e-flex e-con e-child\" data-id=\"d064b74\" data-element_type=\"container\" data-e-type=\"container\">\n\t\t\t\t<div class=\"elementor-element elementor-element-104a296 elementor-widget elementor-widget-heading\" data-id=\"104a296\" data-element_type=\"widget\" data-e-type=\"widget\" data-widget_type=\"heading.default\">\n\t\t\t\t\t<h3 class=\"elementor-heading-title elementor-size-default\">Communication verbale et non-verbale<\/h3>\t\t\t\t<\/div>\n\t\t\t\t<div class=\"elementor-element elementor-element-f902187 elementor-widget elementor-widget-text-editor\" data-id=\"f902187\" data-element_type=\"widget\" data-e-type=\"widget\" data-widget_type=\"text-editor.default\">\n\t\t\t\t\t\t\t\t\t<p>La communication va bien au-del\u00e0 des mots. Cette formation permet de ma\u00eetriser les messages verbaux et non-verbaux transmis au client.<\/p>\t\t\t\t\t\t\t\t<\/div>\n\t\t\t\t<\/div>\n\t\t<div class=\"elementor-element elementor-element-4e6f072 e-con-full e-flex e-con e-child\" data-id=\"4e6f072\" data-element_type=\"container\" data-e-type=\"container\">\n\t\t\t\t<div class=\"elementor-element elementor-element-f3ed28c elementor-widget elementor-widget-image\" data-id=\"f3ed28c\" data-element_type=\"widget\" data-e-type=\"widget\" data-widget_type=\"image.default\">\n\t\t\t\t\t\t\t\t\t\t\t\t\t\t\t<img loading=\"lazy\" decoding=\"async\" width=\"950\" height=\"534\" src=\"https:\/\/impact-afrik.com\/wp-content\/uploads\/2026\/01\/48-1024x576.png\" class=\"attachment-large size-large wp-image-1049\" alt=\"\" srcset=\"https:\/\/impact-afrik.com\/wp-content\/uploads\/2026\/01\/48-1024x576.png 1024w, https:\/\/impact-afrik.com\/wp-content\/uploads\/2026\/01\/48-300x169.png 300w, https:\/\/impact-afrik.com\/wp-content\/uploads\/2026\/01\/48-1536x864.png 1536w, https:\/\/impact-afrik.com\/wp-content\/uploads\/2026\/01\/48-18x10.png 18w, https:\/\/impact-afrik.com\/wp-content\/uploads\/2026\/01\/48.png 1920w\" sizes=\"100vw\" \/>\t\t\t\t\t\t\t\t\t\t\t\t\t\t\t<\/div>\n\t\t\t\t<\/div>\n\t\t\t\t<\/div>\n\t\t<div class=\"elementor-element elementor-element-8c97a53 e-con-full e-flex e-con e-parent\" data-id=\"8c97a53\" data-element_type=\"container\" data-e-type=\"container\">\n\t\t<div class=\"elementor-element elementor-element-ce55a7e e-con-full e-flex e-con e-child\" data-id=\"ce55a7e\" data-element_type=\"container\" data-e-type=\"container\">\n\t\t\t\t<div class=\"elementor-element elementor-element-7c54187 elementor-widget elementor-widget-image\" data-id=\"7c54187\" data-element_type=\"widget\" data-e-type=\"widget\" data-widget_type=\"image.default\">\n\t\t\t\t\t\t\t\t\t\t\t\t\t\t\t<img loading=\"lazy\" decoding=\"async\" width=\"950\" height=\"534\" src=\"https:\/\/impact-afrik.com\/wp-content\/uploads\/2026\/01\/49-1024x576.png\" class=\"attachment-large size-large wp-image-1050\" alt=\"\" srcset=\"https:\/\/impact-afrik.com\/wp-content\/uploads\/2026\/01\/49-1024x576.png 1024w, https:\/\/impact-afrik.com\/wp-content\/uploads\/2026\/01\/49-300x169.png 300w, https:\/\/impact-afrik.com\/wp-content\/uploads\/2026\/01\/49-1536x864.png 1536w, https:\/\/impact-afrik.com\/wp-content\/uploads\/2026\/01\/49-18x10.png 18w, https:\/\/impact-afrik.com\/wp-content\/uploads\/2026\/01\/49.png 1920w\" sizes=\"100vw\" \/>\t\t\t\t\t\t\t\t\t\t\t\t\t\t\t<\/div>\n\t\t\t\t<\/div>\n\t\t<div class=\"elementor-element elementor-element-7d859e6 e-con-full e-flex e-con e-child\" data-id=\"7d859e6\" data-element_type=\"container\" data-e-type=\"container\">\n\t\t\t\t<div class=\"elementor-element elementor-element-02dd75f elementor-widget elementor-widget-heading\" data-id=\"02dd75f\" data-element_type=\"widget\" data-e-type=\"widget\" data-widget_type=\"heading.default\">\n\t\t\t\t\t<h3 class=\"elementor-heading-title elementor-size-default\">L'importance de la premi\u00e8re impression<\/h3>\t\t\t\t<\/div>\n\t\t\t\t<div class=\"elementor-element elementor-element-ac9dcd8 elementor-widget elementor-widget-text-editor\" data-id=\"ac9dcd8\" data-element_type=\"widget\" data-e-type=\"widget\" data-widget_type=\"text-editor.default\">\n\t\t\t\t\t\t\t\t\t<p>Les premi\u00e8res secondes sont souvent d\u00e9cisives. Cette formation aide \u00e0 structurer les premiers contacts clients pour cr\u00e9er une exp\u00e9rience positive d\u00e8s le d\u00e9part.<\/p>\t\t\t\t\t\t\t\t<\/div>\n\t\t\t\t<\/div>\n\t\t\t\t<\/div>\n\t\t<div class=\"elementor-element elementor-element-fa499c2 e-con-full e-flex e-con e-parent\" data-id=\"fa499c2\" data-element_type=\"container\" data-e-type=\"container\">\n\t\t<div class=\"elementor-element elementor-element-12686ce e-con-full e-flex e-con e-child\" data-id=\"12686ce\" data-element_type=\"container\" data-e-type=\"container\">\n\t\t\t\t<div class=\"elementor-element elementor-element-13943c1 elementor-widget elementor-widget-heading\" data-id=\"13943c1\" data-element_type=\"widget\" data-e-type=\"widget\" data-widget_type=\"heading.default\">\n\t\t\t\t\t<h3 class=\"elementor-heading-title elementor-size-default\">L'hospitalit\u00e9 africaine : une force culturelle \u00e0 canaliser professionnellement<\/h3>\t\t\t\t<\/div>\n\t\t\t\t<div class=\"elementor-element elementor-element-a745297 elementor-widget elementor-widget-text-editor\" data-id=\"a745297\" data-element_type=\"widget\" data-e-type=\"widget\" data-widget_type=\"text-editor.default\">\n\t\t\t\t\t\t\t\t\t<p>L\u2019hospitalit\u00e9 est une richesse culturelle africaine. Cette formation montre comment la transformer en avantage concurrentiel structur\u00e9 et professionnel.<\/p>\t\t\t\t\t\t\t\t<\/div>\n\t\t\t\t<\/div>\n\t\t<div class=\"elementor-element elementor-element-d4a4fa7 e-con-full e-flex e-con e-child\" data-id=\"d4a4fa7\" data-element_type=\"container\" data-e-type=\"container\">\n\t\t\t\t<div class=\"elementor-element elementor-element-eab6ab7 elementor-widget elementor-widget-image\" data-id=\"eab6ab7\" data-element_type=\"widget\" data-e-type=\"widget\" data-widget_type=\"image.default\">\n\t\t\t\t\t\t\t\t\t\t\t\t\t\t\t<img loading=\"lazy\" decoding=\"async\" width=\"950\" height=\"534\" src=\"https:\/\/impact-afrik.com\/wp-content\/uploads\/2026\/01\/50-1024x576.png\" class=\"attachment-large size-large wp-image-1051\" alt=\"\" srcset=\"https:\/\/impact-afrik.com\/wp-content\/uploads\/2026\/01\/50-1024x576.png 1024w, https:\/\/impact-afrik.com\/wp-content\/uploads\/2026\/01\/50-300x169.png 300w, https:\/\/impact-afrik.com\/wp-content\/uploads\/2026\/01\/50-1536x864.png 1536w, https:\/\/impact-afrik.com\/wp-content\/uploads\/2026\/01\/50-18x10.png 18w, https:\/\/impact-afrik.com\/wp-content\/uploads\/2026\/01\/50.png 1920w\" sizes=\"100vw\" \/>\t\t\t\t\t\t\t\t\t\t\t\t\t\t\t<\/div>\n\t\t\t\t<\/div>\n\t\t\t\t<\/div>\n\t\t<div class=\"elementor-element elementor-element-f2eb81c e-con-full e-flex e-con e-parent\" data-id=\"f2eb81c\" data-element_type=\"container\" data-e-type=\"container\">\n\t\t<div class=\"elementor-element elementor-element-b5eeba6 e-con-full e-flex e-con e-child\" data-id=\"b5eeba6\" data-element_type=\"container\" data-e-type=\"container\">\n\t\t\t\t<div class=\"elementor-element elementor-element-781f3d5 elementor-widget elementor-widget-image\" data-id=\"781f3d5\" data-element_type=\"widget\" data-e-type=\"widget\" data-widget_type=\"image.default\">\n\t\t\t\t\t\t\t\t\t\t\t\t\t\t\t<img loading=\"lazy\" decoding=\"async\" width=\"950\" height=\"534\" src=\"https:\/\/impact-afrik.com\/wp-content\/uploads\/2026\/01\/51-1024x576.png\" class=\"attachment-large size-large wp-image-1052\" alt=\"\" srcset=\"https:\/\/impact-afrik.com\/wp-content\/uploads\/2026\/01\/51-1024x576.png 1024w, https:\/\/impact-afrik.com\/wp-content\/uploads\/2026\/01\/51-300x169.png 300w, https:\/\/impact-afrik.com\/wp-content\/uploads\/2026\/01\/51-1536x864.png 1536w, https:\/\/impact-afrik.com\/wp-content\/uploads\/2026\/01\/51-18x10.png 18w, https:\/\/impact-afrik.com\/wp-content\/uploads\/2026\/01\/51.png 1920w\" sizes=\"100vw\" \/>\t\t\t\t\t\t\t\t\t\t\t\t\t\t\t<\/div>\n\t\t\t\t<\/div>\n\t\t<div class=\"elementor-element elementor-element-4c6ae30 e-con-full e-flex e-con e-child\" data-id=\"4c6ae30\" data-element_type=\"container\" data-e-type=\"container\">\n\t\t\t\t<div class=\"elementor-element elementor-element-f957a9d elementor-widget elementor-widget-heading\" data-id=\"f957a9d\" data-element_type=\"widget\" data-e-type=\"widget\" data-widget_type=\"heading.default\">\n\t\t\t\t\t<h3 class=\"elementor-heading-title elementor-size-default\">Do &amp; don't selon le secteur d'activit\u00e9 <\/h3>\t\t\t\t<\/div>\n\t\t\t\t<div class=\"elementor-element elementor-element-3916d91 elementor-widget elementor-widget-text-editor\" data-id=\"3916d91\" data-element_type=\"widget\" data-e-type=\"widget\" data-widget_type=\"text-editor.default\">\n\t\t\t\t\t\t\t\t\t<p>Chaque secteur a ses codes. Cette formation propose des rep\u00e8res clairs sur les comportements \u00e0 adopter et \u00e0 \u00e9viter selon le contexte professionnel.<\/p>\t\t\t\t\t\t\t\t<\/div>\n\t\t\t\t<\/div>\n\t\t\t\t<\/div>\n\t\t\t\t<\/div>","protected":false},"excerpt":{"rendered":"<p>Exp\u00e9rience client : transformer chaque interaction en levier de confiance, de fid\u00e9lit\u00e9 et de croissance L\u2019exp\u00e9rience client ne se limite plus \u00e0 un simple service rendu : elle est devenue un facteur cl\u00e9 de diff\u00e9renciation, de rentabilit\u00e9 et de r\u00e9putation. Dans un contexte o\u00f9 les clients sont de plus en plus exigeants et inform\u00e9s, chaque &hellip; <\/p>\n<p class=\"link-more\"><a href=\"https:\/\/impact-afrik.com\/en\/laccueil-et-lexperience-client-au-coeur-de-votre-performance\/\" class=\"more-link\">Read more<span class=\"screen-reader-text\"> \u00ab\u00a0L\u2019accueil et l\u2019exp\u00e9rience client au c\u0153ur de votre performance\u00a0\u00bb<\/span><\/a><\/p>","protected":false},"author":1,"featured_media":0,"parent":0,"menu_order":0,"comment_status":"closed","ping_status":"closed","template":"","meta":{"inspiro_hide_title":false,"footnotes":""},"class_list":["post-838","page","type-page","status-publish","hentry"],"_links":{"self":[{"href":"https:\/\/impact-afrik.com\/en\/wp-json\/wp\/v2\/pages\/838","targetHints":{"allow":["GET"]}}],"collection":[{"href":"https:\/\/impact-afrik.com\/en\/wp-json\/wp\/v2\/pages"}],"about":[{"href":"https:\/\/impact-afrik.com\/en\/wp-json\/wp\/v2\/types\/page"}],"author":[{"embeddable":true,"href":"https:\/\/impact-afrik.com\/en\/wp-json\/wp\/v2\/users\/1"}],"replies":[{"embeddable":true,"href":"https:\/\/impact-afrik.com\/en\/wp-json\/wp\/v2\/comments?post=838"}],"version-history":[{"count":16,"href":"https:\/\/impact-afrik.com\/en\/wp-json\/wp\/v2\/pages\/838\/revisions"}],"predecessor-version":[{"id":1235,"href":"https:\/\/impact-afrik.com\/en\/wp-json\/wp\/v2\/pages\/838\/revisions\/1235"}],"wp:attachment":[{"href":"https:\/\/impact-afrik.com\/en\/wp-json\/wp\/v2\/media?parent=838"}],"curies":[{"name":"wp","href":"https:\/\/api.w.org\/{rel}","templated":true}]}}