{"id":812,"date":"2026-01-23T15:57:43","date_gmt":"2026-01-23T15:57:43","guid":{"rendered":"https:\/\/impact-afrik.com\/?page_id=812"},"modified":"2026-01-28T14:35:16","modified_gmt":"2026-01-28T14:35:16","slug":"developpement-international-ouverture-des-entreprises-africaines","status":"publish","type":"page","link":"https:\/\/impact-afrik.com\/en\/developpement-international-ouverture-des-entreprises-africaines\/","title":{"rendered":"International development &amp; opening up African businesses"},"content":{"rendered":"<div data-elementor-type=\"wp-page\" data-elementor-id=\"812\" class=\"elementor elementor-812\">\n\t\t\t\t<div class=\"elementor-element elementor-element-940d28d e-con-full e-flex e-con e-parent\" data-id=\"940d28d\" data-element_type=\"container\" data-e-type=\"container\">\n\t\t\t\t<div class=\"elementor-element elementor-element-62d34b2 elementor-widget elementor-widget-text-editor\" data-id=\"62d34b2\" data-element_type=\"widget\" data-e-type=\"widget\" data-widget_type=\"text-editor.default\">\n\t\t\t\t\t\t\t\t\t<h3 data-start=\"350\" data-end=\"427\">Structurer, adapter et valoriser son offre pour r\u00e9ussir \u00e0 l\u2019international<\/h3><p data-start=\"429\" data-end=\"720\">D\u00e9velopper son activit\u00e9 \u00e0 l\u2019international ne se r\u00e9sume pas \u00e0 vendre ailleurs le m\u00eame produit ou service. Pour les entreprises africaines, r\u00e9ussir \u00e0 l\u2019export implique de <strong data-start=\"598\" data-end=\"645\">comprendre en profondeur les march\u00e9s cibl\u00e9s<\/strong>, d\u2019en ma\u00eetriser les codes et d\u2019adapter son offre sans renier son identit\u00e9.<\/p><p data-start=\"722\" data-end=\"1005\">Les formations propos\u00e9es par Impact Afrik accompagnent les dirigeants, managers et \u00e9quipes commerciales dans la <strong data-start=\"834\" data-end=\"905\">structuration d\u2019une strat\u00e9gie export r\u00e9aliste, coh\u00e9rente et durable<\/strong>, en tenant compte des sp\u00e9cificit\u00e9s culturelles, \u00e9conomiques et business des march\u00e9s hors d\u2019Afrique.<\/p><p>\u00a0<\/p><p data-start=\"1007\" data-end=\"1150\">Ces formations sont coordonn\u00e9es avec des <strong data-start=\"1048\" data-end=\"1071\">experts partenaires<\/strong> et peuvent \u00eatre dispens\u00e9es en <strong data-start=\"1102\" data-end=\"1149\">pr\u00e9sentiel, \u00e0 distance ou en format hybride<\/strong>.<\/p>\t\t\t\t\t\t\t\t<\/div>\n\t\t\t\t<div class=\"elementor-element elementor-element-a640125 elementor-widget elementor-widget-heading\" data-id=\"a640125\" data-element_type=\"widget\" data-e-type=\"widget\" data-widget_type=\"heading.default\">\n\t\t\t\t\t<h2 class=\"elementor-heading-title elementor-size-default\">Sujets de formation<\/h2>\t\t\t\t<\/div>\n\t\t\t\t<\/div>\n\t\t<div class=\"elementor-element elementor-element-538c17b e-con-full e-flex e-con e-parent\" data-id=\"538c17b\" data-element_type=\"container\" data-e-type=\"container\">\n\t\t<div class=\"elementor-element elementor-element-a5a8632 e-con-full e-flex e-con e-child\" data-id=\"a5a8632\" data-element_type=\"container\" data-e-type=\"container\">\n\t\t\t\t<div class=\"elementor-element elementor-element-3071358 elementor-widget elementor-widget-heading\" data-id=\"3071358\" data-element_type=\"widget\" data-e-type=\"widget\" data-widget_type=\"heading.default\">\n\t\t\t\t\t<h3 class=\"elementor-heading-title elementor-size-default\">Comprendre un march\u00e9 cible \u00e0 l'international<\/h3>\t\t\t\t<\/div>\n\t\t\t\t<div class=\"elementor-element elementor-element-462b4f3 elementor-widget elementor-widget-text-editor\" data-id=\"462b4f3\" data-element_type=\"widget\" data-e-type=\"widget\" data-widget_type=\"text-editor.default\">\n\t\t\t\t\t\t\t\t\t<p>Cette formation permet aux entreprises d\u2019acqu\u00e9rir une lecture claire et op\u00e9rationnelle d\u2019un march\u00e9 \u00e9tranger. Elle aborde les <strong data-start=\"1349\" data-end=\"1408\">codes de communication, de collaboration et de d\u00e9cision<\/strong> propres \u00e0 chaque zone g\u00e9ographique, afin d\u2019\u00e9viter les erreurs d\u2019approche souvent co\u00fbteuses \u00e0 l\u2019international.<\/p>\t\t\t\t\t\t\t\t<\/div>\n\t\t\t\t<\/div>\n\t\t<div class=\"elementor-element elementor-element-d473191 e-con-full e-flex e-con e-child\" data-id=\"d473191\" data-element_type=\"container\" data-e-type=\"container\">\n\t\t\t\t<div class=\"elementor-element elementor-element-ff85a2f elementor-widget elementor-widget-image\" data-id=\"ff85a2f\" data-element_type=\"widget\" data-e-type=\"widget\" data-widget_type=\"image.default\">\n\t\t\t\t\t\t\t\t\t\t\t\t\t\t\t<img fetchpriority=\"high\" decoding=\"async\" width=\"950\" height=\"534\" src=\"https:\/\/impact-afrik.com\/wp-content\/uploads\/2026\/01\/20-1024x576.png\" class=\"attachment-large size-large wp-image-992\" alt=\"\" srcset=\"https:\/\/impact-afrik.com\/wp-content\/uploads\/2026\/01\/20-1024x576.png 1024w, https:\/\/impact-afrik.com\/wp-content\/uploads\/2026\/01\/20-300x169.png 300w, https:\/\/impact-afrik.com\/wp-content\/uploads\/2026\/01\/20-1536x864.png 1536w, https:\/\/impact-afrik.com\/wp-content\/uploads\/2026\/01\/20-18x10.png 18w, https:\/\/impact-afrik.com\/wp-content\/uploads\/2026\/01\/20.png 1920w\" sizes=\"100vw\" \/>\t\t\t\t\t\t\t\t\t\t\t\t\t\t\t<\/div>\n\t\t\t\t<\/div>\n\t\t\t\t<\/div>\n\t\t<div class=\"elementor-element elementor-element-82695dd e-con-full e-flex e-con e-parent\" data-id=\"82695dd\" data-element_type=\"container\" data-e-type=\"container\">\n\t\t<div class=\"elementor-element elementor-element-a0b3b57 e-con-full e-flex e-con e-child\" data-id=\"a0b3b57\" data-element_type=\"container\" data-e-type=\"container\">\n\t\t\t\t<div class=\"elementor-element elementor-element-9d6112f elementor-widget elementor-widget-image\" data-id=\"9d6112f\" data-element_type=\"widget\" data-e-type=\"widget\" data-widget_type=\"image.default\">\n\t\t\t\t\t\t\t\t\t\t\t\t\t\t\t<img decoding=\"async\" width=\"950\" height=\"534\" src=\"https:\/\/impact-afrik.com\/wp-content\/uploads\/2026\/01\/21-1024x576.png\" class=\"attachment-large size-large wp-image-993\" alt=\"\" srcset=\"https:\/\/impact-afrik.com\/wp-content\/uploads\/2026\/01\/21-1024x576.png 1024w, https:\/\/impact-afrik.com\/wp-content\/uploads\/2026\/01\/21-300x169.png 300w, https:\/\/impact-afrik.com\/wp-content\/uploads\/2026\/01\/21-1536x864.png 1536w, https:\/\/impact-afrik.com\/wp-content\/uploads\/2026\/01\/21-18x10.png 18w, https:\/\/impact-afrik.com\/wp-content\/uploads\/2026\/01\/21.png 1920w\" sizes=\"100vw\" \/>\t\t\t\t\t\t\t\t\t\t\t\t\t\t\t<\/div>\n\t\t\t\t<\/div>\n\t\t<div class=\"elementor-element elementor-element-c244aa0 e-con-full e-flex e-con e-child\" data-id=\"c244aa0\" data-element_type=\"container\" data-e-type=\"container\">\n\t\t\t\t<div class=\"elementor-element elementor-element-2c27d3f elementor-widget elementor-widget-heading\" data-id=\"2c27d3f\" data-element_type=\"widget\" data-e-type=\"widget\" data-widget_type=\"heading.default\">\n\t\t\t\t\t<h3 class=\"elementor-heading-title elementor-size-default\">Les habitudes de consommation \u00e0 l'international<\/h3>\t\t\t\t<\/div>\n\t\t\t\t<div class=\"elementor-element elementor-element-12ac6ea elementor-widget elementor-widget-text-editor\" data-id=\"12ac6ea\" data-element_type=\"widget\" data-e-type=\"widget\" data-widget_type=\"text-editor.default\">\n\t\t\t\t\t\t\t\t\t<p>Les comportements d\u2019achat varient fortement d\u2019un pays \u00e0 l\u2019autre. Cette formation aide les entreprises \u00e0 comprendre les <strong data-start=\"1953\" data-end=\"2021\">attentes clients, les leviers de d\u00e9cision et les codes culturels<\/strong> qui influencent l\u2019acte d\u2019achat sur les march\u00e9s internationaux.<\/p>\t\t\t\t\t\t\t\t<\/div>\n\t\t\t\t<\/div>\n\t\t\t\t<\/div>\n\t\t<div class=\"elementor-element elementor-element-1feed94 e-con-full e-flex e-con e-parent\" data-id=\"1feed94\" data-element_type=\"container\" data-e-type=\"container\">\n\t\t<div class=\"elementor-element elementor-element-b667a96 e-con-full e-flex e-con e-child\" data-id=\"b667a96\" data-element_type=\"container\" data-e-type=\"container\">\n\t\t\t\t<div class=\"elementor-element elementor-element-bab098d elementor-widget elementor-widget-heading\" data-id=\"bab098d\" data-element_type=\"widget\" data-e-type=\"widget\" data-widget_type=\"heading.default\">\n\t\t\t\t\t<h3 class=\"elementor-heading-title elementor-size-default\">Comprendre comportements d'achat, attentes clients et codes culturels<\/h3>\t\t\t\t<\/div>\n\t\t\t\t<div class=\"elementor-element elementor-element-0e0f85f elementor-widget elementor-widget-text-editor\" data-id=\"0e0f85f\" data-element_type=\"widget\" data-e-type=\"widget\" data-widget_type=\"text-editor.default\">\n\t\t\t\t\t\t\t\t\t<p>R\u00e9ussir \u00e0 l\u2019international n\u00e9cessite une compr\u00e9hension fine des diff\u00e9rences culturelles dans les relations professionnelles. Cette formation donne les cl\u00e9s pour <strong data-start=\"2591\" data-end=\"2675\">collaborer efficacement avec des partenaires, clients et institutions \u00e9trang\u00e8res<\/strong>, tout en \u00e9vitant les incompr\u00e9hensions culturelles.<\/p>\t\t\t\t\t\t\t\t<\/div>\n\t\t\t\t<\/div>\n\t\t<div class=\"elementor-element elementor-element-30f9223 e-con-full e-flex e-con e-child\" data-id=\"30f9223\" data-element_type=\"container\" data-e-type=\"container\">\n\t\t\t\t<div class=\"elementor-element elementor-element-cf7ea05 elementor-widget elementor-widget-image\" data-id=\"cf7ea05\" data-element_type=\"widget\" data-e-type=\"widget\" data-widget_type=\"image.default\">\n\t\t\t\t\t\t\t\t\t\t\t\t\t\t\t<img decoding=\"async\" width=\"950\" height=\"534\" src=\"https:\/\/impact-afrik.com\/wp-content\/uploads\/2026\/01\/22-1024x576.png\" class=\"attachment-large size-large wp-image-994\" alt=\"\" srcset=\"https:\/\/impact-afrik.com\/wp-content\/uploads\/2026\/01\/22-1024x576.png 1024w, https:\/\/impact-afrik.com\/wp-content\/uploads\/2026\/01\/22-300x169.png 300w, https:\/\/impact-afrik.com\/wp-content\/uploads\/2026\/01\/22-1536x864.png 1536w, https:\/\/impact-afrik.com\/wp-content\/uploads\/2026\/01\/22-18x10.png 18w, https:\/\/impact-afrik.com\/wp-content\/uploads\/2026\/01\/22.png 1920w\" sizes=\"100vw\" \/>\t\t\t\t\t\t\t\t\t\t\t\t\t\t\t<\/div>\n\t\t\t\t<\/div>\n\t\t\t\t<\/div>\n\t\t<div class=\"elementor-element elementor-element-d80008a e-con-full e-flex e-con e-parent\" data-id=\"d80008a\" data-element_type=\"container\" data-e-type=\"container\">\n\t\t<div class=\"elementor-element elementor-element-8da51ea e-con-full e-flex e-con e-child\" data-id=\"8da51ea\" data-element_type=\"container\" data-e-type=\"container\">\n\t\t\t\t<div class=\"elementor-element elementor-element-9ed5c11 elementor-widget elementor-widget-image\" data-id=\"9ed5c11\" data-element_type=\"widget\" data-e-type=\"widget\" data-widget_type=\"image.default\">\n\t\t\t\t\t\t\t\t\t\t\t\t\t\t\t<img loading=\"lazy\" decoding=\"async\" width=\"950\" height=\"534\" src=\"https:\/\/impact-afrik.com\/wp-content\/uploads\/2026\/01\/23-1024x576.png\" class=\"attachment-large size-large wp-image-995\" alt=\"\" srcset=\"https:\/\/impact-afrik.com\/wp-content\/uploads\/2026\/01\/23-1024x576.png 1024w, https:\/\/impact-afrik.com\/wp-content\/uploads\/2026\/01\/23-300x169.png 300w, https:\/\/impact-afrik.com\/wp-content\/uploads\/2026\/01\/23-1536x864.png 1536w, https:\/\/impact-afrik.com\/wp-content\/uploads\/2026\/01\/23-18x10.png 18w, https:\/\/impact-afrik.com\/wp-content\/uploads\/2026\/01\/23.png 1920w\" sizes=\"100vw\" \/>\t\t\t\t\t\t\t\t\t\t\t\t\t\t\t<\/div>\n\t\t\t\t<\/div>\n\t\t<div class=\"elementor-element elementor-element-6a80805 e-con-full e-flex e-con e-child\" data-id=\"6a80805\" data-element_type=\"container\" data-e-type=\"container\">\n\t\t\t\t<div class=\"elementor-element elementor-element-0538a0a elementor-widget elementor-widget-heading\" data-id=\"0538a0a\" data-element_type=\"widget\" data-e-type=\"widget\" data-widget_type=\"heading.default\">\n\t\t\t\t\t<h3 class=\"elementor-heading-title elementor-size-default\">Adapter et moduler son offre \u00e0 l'international<\/h3>\t\t\t\t<\/div>\n\t\t\t\t<div class=\"elementor-element elementor-element-65882e2 elementor-widget elementor-widget-text-editor\" data-id=\"65882e2\" data-element_type=\"widget\" data-e-type=\"widget\" data-widget_type=\"text-editor.default\">\n\t\t\t\t\t\t\t\t\t<p>Cette formation accompagne les entreprises dans l\u2019ajustement de leur offre (produit ou service) afin qu\u2019elle soit <strong data-start=\"3185\" data-end=\"3232\">pertinente et comp\u00e9titive \u00e0 l\u2019international<\/strong>, sans perdre son identit\u00e9 de marque ni sa valeur ajout\u00e9e locale.<\/p><p data-start=\"3299\" data-end=\"3328\">\u00a0<\/p>\t\t\t\t\t\t\t\t<\/div>\n\t\t\t\t<\/div>\n\t\t\t\t<\/div>\n\t\t<div class=\"elementor-element elementor-element-9c5e742 e-con-full e-flex e-con e-parent\" data-id=\"9c5e742\" data-element_type=\"container\" data-e-type=\"container\">\n\t\t<div class=\"elementor-element elementor-element-315deca e-con-full e-flex e-con e-child\" data-id=\"315deca\" data-element_type=\"container\" data-e-type=\"container\">\n\t\t\t\t<div class=\"elementor-element elementor-element-fd3e80f elementor-widget elementor-widget-heading\" data-id=\"fd3e80f\" data-element_type=\"widget\" data-e-type=\"widget\" data-widget_type=\"heading.default\">\n\t\t\t\t\t<h3 class=\"elementor-heading-title elementor-size-default\">D\u00e9finir un positionnement clair et comp\u00e9titif \u00e0 l'international<\/h3>\t\t\t\t<\/div>\n\t\t\t\t<div class=\"elementor-element elementor-element-e00cc9e elementor-widget elementor-widget-text-editor\" data-id=\"e00cc9e\" data-element_type=\"widget\" data-e-type=\"widget\" data-widget_type=\"text-editor.default\">\n\t\t\t\t\t\t\t\t\t<p>Un positionnement mal d\u00e9fini est l\u2019une des principales causes d\u2019\u00e9chec \u00e0 l\u2019export. Cette formation aide les entreprises \u00e0 construire un <strong data-start=\"3758\" data-end=\"3811\">positionnement lisible, diff\u00e9renciant et cr\u00e9dible<\/strong> sur les march\u00e9s internationaux.<\/p>\t\t\t\t\t\t\t\t<\/div>\n\t\t\t\t<\/div>\n\t\t<div class=\"elementor-element elementor-element-5f6d9b0 e-con-full e-flex e-con e-child\" data-id=\"5f6d9b0\" data-element_type=\"container\" data-e-type=\"container\">\n\t\t\t\t<div class=\"elementor-element elementor-element-81a8d97 elementor-widget elementor-widget-image\" data-id=\"81a8d97\" data-element_type=\"widget\" data-e-type=\"widget\" data-widget_type=\"image.default\">\n\t\t\t\t\t\t\t\t\t\t\t\t\t\t\t<img loading=\"lazy\" decoding=\"async\" width=\"950\" height=\"534\" src=\"https:\/\/impact-afrik.com\/wp-content\/uploads\/2026\/01\/24-1024x576.png\" class=\"attachment-large size-large wp-image-996\" alt=\"\" srcset=\"https:\/\/impact-afrik.com\/wp-content\/uploads\/2026\/01\/24-1024x576.png 1024w, https:\/\/impact-afrik.com\/wp-content\/uploads\/2026\/01\/24-300x169.png 300w, https:\/\/impact-afrik.com\/wp-content\/uploads\/2026\/01\/24-1536x864.png 1536w, https:\/\/impact-afrik.com\/wp-content\/uploads\/2026\/01\/24-18x10.png 18w, https:\/\/impact-afrik.com\/wp-content\/uploads\/2026\/01\/24.png 1920w\" sizes=\"100vw\" \/>\t\t\t\t\t\t\t\t\t\t\t\t\t\t\t<\/div>\n\t\t\t\t<\/div>\n\t\t\t\t<\/div>\n\t\t<div class=\"elementor-element elementor-element-ea69583 e-con-full e-flex e-con e-parent\" data-id=\"ea69583\" data-element_type=\"container\" data-e-type=\"container\">\n\t\t<div class=\"elementor-element elementor-element-f5bd62d e-con-full e-flex e-con e-child\" data-id=\"f5bd62d\" data-element_type=\"container\" data-e-type=\"container\">\n\t\t\t\t<div class=\"elementor-element elementor-element-3a1281a elementor-widget__width-initial elementor-widget elementor-widget-image\" data-id=\"3a1281a\" data-element_type=\"widget\" data-e-type=\"widget\" data-widget_type=\"image.default\">\n\t\t\t\t\t\t\t\t\t\t\t\t\t\t\t<img loading=\"lazy\" decoding=\"async\" width=\"950\" height=\"534\" src=\"https:\/\/impact-afrik.com\/wp-content\/uploads\/2026\/01\/25-1024x576.png\" class=\"attachment-large size-large wp-image-997\" alt=\"\" srcset=\"https:\/\/impact-afrik.com\/wp-content\/uploads\/2026\/01\/25-1024x576.png 1024w, https:\/\/impact-afrik.com\/wp-content\/uploads\/2026\/01\/25-300x169.png 300w, https:\/\/impact-afrik.com\/wp-content\/uploads\/2026\/01\/25-1536x864.png 1536w, https:\/\/impact-afrik.com\/wp-content\/uploads\/2026\/01\/25-18x10.png 18w, https:\/\/impact-afrik.com\/wp-content\/uploads\/2026\/01\/25.png 1920w\" sizes=\"100vw\" \/>\t\t\t\t\t\t\t\t\t\t\t\t\t\t\t<\/div>\n\t\t\t\t<\/div>\n\t\t<div class=\"elementor-element elementor-element-46a2be0 e-con-full e-flex e-con e-child\" data-id=\"46a2be0\" data-element_type=\"container\" data-e-type=\"container\">\n\t\t\t\t<div class=\"elementor-element elementor-element-b53e699 elementor-widget elementor-widget-heading\" data-id=\"b53e699\" data-element_type=\"widget\" data-e-type=\"widget\" data-widget_type=\"heading.default\">\n\t\t\t\t\t<h3 class=\"elementor-heading-title elementor-size-default\">R\u00e9ussir ses partenariats internationaux<\/h3>\t\t\t\t<\/div>\n\t\t\t\t<div class=\"elementor-element elementor-element-44c2c98 elementor-widget elementor-widget-text-editor\" data-id=\"44c2c98\" data-element_type=\"widget\" data-e-type=\"widget\" data-widget_type=\"text-editor.default\">\n\t\t\t\t\t\t\t\t\t<p>Les partenariats sont souvent un levier cl\u00e9 pour acc\u00e9der \u00e0 de nouveaux march\u00e9s. Cette formation accompagne les entreprises dans la <strong data-start=\"4282\" data-end=\"4381\">structuration, la s\u00e9lection et la gestion de partenariats internationaux durables et \u00e9quilibr\u00e9s<\/strong>.<\/p>\t\t\t\t\t\t\t\t<\/div>\n\t\t\t\t<\/div>\n\t\t\t\t<\/div>\n\t\t<div class=\"elementor-element elementor-element-415d329 e-con-full e-flex e-con e-parent\" data-id=\"415d329\" data-element_type=\"container\" data-e-type=\"container\">\n\t\t<div class=\"elementor-element elementor-element-fa9462f e-con-full e-flex e-con e-child\" data-id=\"fa9462f\" data-element_type=\"container\" data-e-type=\"container\">\n\t\t\t\t<div class=\"elementor-element elementor-element-8740087 elementor-widget elementor-widget-heading\" data-id=\"8740087\" data-element_type=\"widget\" data-e-type=\"widget\" data-widget_type=\"heading.default\">\n\t\t\t\t\t<h3 class=\"elementor-heading-title elementor-size-default\">D'une offre locale \u00e0 une proposition de valeur exportable<\/h3>\t\t\t\t<\/div>\n\t\t\t\t<div class=\"elementor-element elementor-element-6ef60a1 elementor-widget elementor-widget-text-editor\" data-id=\"6ef60a1\" data-element_type=\"widget\" data-e-type=\"widget\" data-widget_type=\"text-editor.default\">\n\t\t\t\t\t\t\t\t\t<p>Cette formation synth\u00e9tise l\u2019ensemble des enjeux de l\u2019export et accompagne les entreprises dans la <strong data-start=\"5354\" data-end=\"5400\">construction d\u2019une offre export structur\u00e9e<\/strong>, pr\u00eate \u00e0 \u00eatre d\u00e9ploy\u00e9e sur un ou plusieurs march\u00e9s internationaux.<\/p>\t\t\t\t\t\t\t\t<\/div>\n\t\t\t\t<\/div>\n\t\t<div class=\"elementor-element elementor-element-d5ab226 e-con-full e-flex e-con e-child\" data-id=\"d5ab226\" data-element_type=\"container\" data-e-type=\"container\">\n\t\t\t\t<div class=\"elementor-element elementor-element-9589eca elementor-widget elementor-widget-image\" data-id=\"9589eca\" data-element_type=\"widget\" data-e-type=\"widget\" data-widget_type=\"image.default\">\n\t\t\t\t\t\t\t\t\t\t\t\t\t\t\t<img loading=\"lazy\" decoding=\"async\" width=\"950\" height=\"534\" src=\"https:\/\/impact-afrik.com\/wp-content\/uploads\/2026\/01\/26-1024x576.png\" class=\"attachment-large size-large wp-image-998\" alt=\"\" srcset=\"https:\/\/impact-afrik.com\/wp-content\/uploads\/2026\/01\/26-1024x576.png 1024w, https:\/\/impact-afrik.com\/wp-content\/uploads\/2026\/01\/26-300x169.png 300w, https:\/\/impact-afrik.com\/wp-content\/uploads\/2026\/01\/26-1536x864.png 1536w, https:\/\/impact-afrik.com\/wp-content\/uploads\/2026\/01\/26-18x10.png 18w, https:\/\/impact-afrik.com\/wp-content\/uploads\/2026\/01\/26.png 1920w\" sizes=\"100vw\" \/>\t\t\t\t\t\t\t\t\t\t\t\t\t\t\t<\/div>\n\t\t\t\t<\/div>\n\t\t\t\t<\/div>\n\t\t<div class=\"elementor-element elementor-element-3d8dd7b e-con-full e-flex e-con e-parent\" data-id=\"3d8dd7b\" data-element_type=\"container\" data-e-type=\"container\">\n\t\t<div class=\"elementor-element elementor-element-9ecd50e e-con-full e-flex e-con e-child\" data-id=\"9ecd50e\" data-element_type=\"container\" data-e-type=\"container\">\n\t\t\t\t<div class=\"elementor-element elementor-element-f9e7144 elementor-widget elementor-widget-image\" data-id=\"f9e7144\" data-element_type=\"widget\" data-e-type=\"widget\" data-widget_type=\"image.default\">\n\t\t\t\t\t\t\t\t\t\t\t\t\t\t\t<img loading=\"lazy\" decoding=\"async\" width=\"950\" height=\"534\" src=\"https:\/\/impact-afrik.com\/wp-content\/uploads\/2026\/01\/27-1024x576.png\" class=\"attachment-large size-large wp-image-999\" alt=\"\" srcset=\"https:\/\/impact-afrik.com\/wp-content\/uploads\/2026\/01\/27-1024x576.png 1024w, https:\/\/impact-afrik.com\/wp-content\/uploads\/2026\/01\/27-300x169.png 300w, https:\/\/impact-afrik.com\/wp-content\/uploads\/2026\/01\/27-1536x864.png 1536w, https:\/\/impact-afrik.com\/wp-content\/uploads\/2026\/01\/27-18x10.png 18w, https:\/\/impact-afrik.com\/wp-content\/uploads\/2026\/01\/27.png 1920w\" sizes=\"100vw\" \/>\t\t\t\t\t\t\t\t\t\t\t\t\t\t\t<\/div>\n\t\t\t\t<\/div>\n\t\t<div class=\"elementor-element elementor-element-d21f4d3 e-con-full e-flex e-con e-child\" data-id=\"d21f4d3\" data-element_type=\"container\" data-e-type=\"container\">\n\t\t\t\t<div class=\"elementor-element elementor-element-c77543e elementor-widget elementor-widget-heading\" data-id=\"c77543e\" data-element_type=\"widget\" data-e-type=\"widget\" data-widget_type=\"heading.default\">\n\t\t\t\t\t<h3 class=\"elementor-heading-title elementor-size-default\">Rendre son offre comp\u00e9titive et universelle<\/h3>\t\t\t\t<\/div>\n\t\t\t\t<div class=\"elementor-element elementor-element-fb119bf elementor-widget elementor-widget-text-editor\" data-id=\"fb119bf\" data-element_type=\"widget\" data-e-type=\"widget\" data-widget_type=\"text-editor.default\">\n\t\t\t\t\t\t\t\t\t<p>Cette formation permet de renforcer la comp\u00e9titivit\u00e9 globale de l\u2019offre en travaillant sur sa <strong data-start=\"4770\" data-end=\"4822\">lisibilit\u00e9, sa valeur per\u00e7ue et son adaptabilit\u00e9<\/strong> \u00e0 diff\u00e9rents contextes culturels et \u00e9conomiques.<\/p>\t\t\t\t\t\t\t\t<\/div>\n\t\t\t\t<\/div>\n\t\t\t\t<\/div>\n\t\t\t\t<\/div>","protected":false},"excerpt":{"rendered":"<p>Structurer, adapter et valoriser son offre pour r\u00e9ussir \u00e0 l\u2019international D\u00e9velopper son activit\u00e9 \u00e0 l\u2019international ne se r\u00e9sume pas \u00e0 vendre ailleurs le m\u00eame produit ou service. Pour les entreprises africaines, r\u00e9ussir \u00e0 l\u2019export implique de comprendre en profondeur les march\u00e9s cibl\u00e9s, d\u2019en ma\u00eetriser les codes et d\u2019adapter son offre sans renier son identit\u00e9. Les &hellip; <\/p>\n<p class=\"link-more\"><a href=\"https:\/\/impact-afrik.com\/en\/developpement-international-ouverture-des-entreprises-africaines\/\" class=\"more-link\">Read more<span class=\"screen-reader-text\"> \u00ab\u00a0D\u00e9veloppement international &#038; ouverture des entreprises africaines\u00a0\u00bb<\/span><\/a><\/p>","protected":false},"author":2,"featured_media":0,"parent":0,"menu_order":0,"comment_status":"closed","ping_status":"closed","template":"","meta":{"inspiro_hide_title":false,"footnotes":""},"class_list":["post-812","page","type-page","status-publish","hentry"],"_links":{"self":[{"href":"https:\/\/impact-afrik.com\/en\/wp-json\/wp\/v2\/pages\/812","targetHints":{"allow":["GET"]}}],"collection":[{"href":"https:\/\/impact-afrik.com\/en\/wp-json\/wp\/v2\/pages"}],"about":[{"href":"https:\/\/impact-afrik.com\/en\/wp-json\/wp\/v2\/types\/page"}],"author":[{"embeddable":true,"href":"https:\/\/impact-afrik.com\/en\/wp-json\/wp\/v2\/users\/2"}],"replies":[{"embeddable":true,"href":"https:\/\/impact-afrik.com\/en\/wp-json\/wp\/v2\/comments?post=812"}],"version-history":[{"count":16,"href":"https:\/\/impact-afrik.com\/en\/wp-json\/wp\/v2\/pages\/812\/revisions"}],"predecessor-version":[{"id":1002,"href":"https:\/\/impact-afrik.com\/en\/wp-json\/wp\/v2\/pages\/812\/revisions\/1002"}],"wp:attachment":[{"href":"https:\/\/impact-afrik.com\/en\/wp-json\/wp\/v2\/media?parent=812"}],"curies":[{"name":"wp","href":"https:\/\/api.w.org\/{rel}","templated":true}]}}