{"id":709,"date":"2026-01-21T16:15:34","date_gmt":"2026-01-21T16:15:34","guid":{"rendered":"https:\/\/impact-afrik.com\/?page_id=709"},"modified":"2026-01-30T13:52:03","modified_gmt":"2026-01-30T13:52:03","slug":"blog","status":"publish","type":"page","link":"https:\/\/impact-afrik.com\/en\/blog\/","title":{"rendered":"Blog"},"content":{"rendered":"<div data-elementor-type=\"wp-page\" data-elementor-id=\"709\" class=\"elementor elementor-709\">\n\t\t\t\t<div class=\"elementor-element elementor-element-ac50e0d e-con-full e-flex e-con e-parent\" data-id=\"ac50e0d\" data-element_type=\"container\" data-e-type=\"container\">\n\t\t\t\t<div class=\"elementor-element elementor-element-ac4a9fb elementor-widget elementor-widget-hfe-basic-posts\" data-id=\"ac4a9fb\" data-element_type=\"widget\" data-e-type=\"widget\" data-widget_type=\"hfe-basic-posts.default\">\n\t\t\t\t<div class=\"elementor-widget-container\">\n\t\t\t\t\t\n<div class=\"hfe-posts-grid\">\n\t\t\t<article class=\"hfe-post-card\">\n\t\t\t\t\t\t\t<div class=\"hfe-post-image\">\n\t\t\t\t\t<a href=\"https:\/\/impact-afrik.com\/en\/cosmetique-africaine-un-marche-en-pleine-expansion-qui-cherche-encore-sa-structuration\/\" rel=\"bookmark\">\n\t\t\t\t\t\t<img loading=\"lazy\" decoding=\"async\" width=\"300\" height=\"169\" src=\"https:\/\/impact-afrik.com\/wp-content\/uploads\/2026\/03\/banque-photos-site-3-300x169.png\" class=\"attachment-medium size-medium wp-post-image\" alt=\"Cosm\u00e9tique africaine : un march\u00e9 en pleine expansion qui cherche encore sa structuration\" srcset=\"https:\/\/impact-afrik.com\/wp-content\/uploads\/2026\/03\/banque-photos-site-3-300x169.png 300w, https:\/\/impact-afrik.com\/wp-content\/uploads\/2026\/03\/banque-photos-site-3-1024x576.png 1024w, https:\/\/impact-afrik.com\/wp-content\/uploads\/2026\/03\/banque-photos-site-3-18x10.png 18w, https:\/\/impact-afrik.com\/wp-content\/uploads\/2026\/03\/banque-photos-site-3.png 1920w\" sizes=\"auto, 100vw\" \/>\t\t\t\t\t<\/a>\n\t\t\t\t<\/div>\n\t\t\t\n\t\t\t<div class=\"hfe-post-content\">\n\t\t\t\t\t\t\t\t\t<h3 class=\"hfe-post-title\">\n\t\t\t\t\t\t<a href=\"https:\/\/impact-afrik.com\/en\/cosmetique-africaine-un-marche-en-pleine-expansion-qui-cherche-encore-sa-structuration\/\" rel=\"bookmark\">\n\t\t\t\t\t\t\tAfrican cosmetics: a fast-growing market still in search of a structure\t\t\t\t\t\t<\/a>\n\t\t\t\t\t<\/h3>\n\t\t\t\t\n\t\t\t\t\t\t\t\t\t<div class=\"hfe-post-meta\">\n\t\t\t\t\t\t<span class=\"hfe-post-date\">March 20, 2026<\/span>\t\t\t\t\t<\/div>\n\t\t\t\t\n\t\t\t\t\n\t\t\t\t\t\t\t\t\t<a href=\"https:\/\/impact-afrik.com\/en\/cosmetique-africaine-un-marche-en-pleine-expansion-qui-cherche-encore-sa-structuration\/\" class=\"hfe-read-more\" rel=\"bookmark\">\n\t\t\t\t\t\tDiscover\u2192\t\t\t\t\t<\/a>\n\t\t\t\t\t\t\t<\/div>\n\t\t<\/article>\n\t\t\t\t<article class=\"hfe-post-card\">\n\t\t\t\t\t\t\t<div class=\"hfe-post-image\">\n\t\t\t\t\t<a href=\"https:\/\/impact-afrik.com\/en\/elementor-1148\/\" rel=\"bookmark\">\n\t\t\t\t\t\t<img loading=\"lazy\" decoding=\"async\" width=\"300\" height=\"169\" src=\"https:\/\/impact-afrik.com\/wp-content\/uploads\/2026\/03\/banque-photos-site-2-300x169.png\" class=\"attachment-medium size-medium wp-post-image\" alt=\"Export S\u00e9n\u00e9gal 2026 : d\u00e9passer ses freins  pour structurer une croissance durable\" srcset=\"https:\/\/impact-afrik.com\/wp-content\/uploads\/2026\/03\/banque-photos-site-2-300x169.png 300w, https:\/\/impact-afrik.com\/wp-content\/uploads\/2026\/03\/banque-photos-site-2-1024x576.png 1024w, https:\/\/impact-afrik.com\/wp-content\/uploads\/2026\/03\/banque-photos-site-2-18x10.png 18w, https:\/\/impact-afrik.com\/wp-content\/uploads\/2026\/03\/banque-photos-site-2.png 1920w\" sizes=\"auto, 100vw\" \/>\t\t\t\t\t<\/a>\n\t\t\t\t<\/div>\n\t\t\t\n\t\t\t<div class=\"hfe-post-content\">\n\t\t\t\t\t\t\t\t\t<h3 class=\"hfe-post-title\">\n\t\t\t\t\t\t<a href=\"https:\/\/impact-afrik.com\/en\/elementor-1148\/\" rel=\"bookmark\">\n\t\t\t\t\t\t\tExport S\u00e9n\u00e9gal 2026: overcoming obstacles to structure sustainable growth\t\t\t\t\t\t<\/a>\n\t\t\t\t\t<\/h3>\n\t\t\t\t\n\t\t\t\t\t\t\t\t\t<div class=\"hfe-post-meta\">\n\t\t\t\t\t\t<span class=\"hfe-post-date\">March 4, 2026<\/span>\t\t\t\t\t<\/div>\n\t\t\t\t\n\t\t\t\t\n\t\t\t\t\t\t\t\t\t<a href=\"https:\/\/impact-afrik.com\/en\/elementor-1148\/\" class=\"hfe-read-more\" rel=\"bookmark\">\n\t\t\t\t\t\tDiscover\u2192\t\t\t\t\t<\/a>\n\t\t\t\t\t\t\t<\/div>\n\t\t<\/article>\n\t\t\t\t<article class=\"hfe-post-card\">\n\t\t\t\t\t\t\t<div class=\"hfe-post-image\">\n\t\t\t\t\t<a href=\"https:\/\/impact-afrik.com\/en\/pourquoi-investir-en-afrique-en-2026-opportunites-perspectives-et-strategies-pour-reussir\/\" rel=\"bookmark\">\n\t\t\t\t\t\t<img loading=\"lazy\" decoding=\"async\" width=\"300\" height=\"169\" src=\"https:\/\/impact-afrik.com\/wp-content\/uploads\/2026\/01\/52-300x169.png\" class=\"attachment-medium size-medium wp-post-image\" alt=\"Pourquoi investir en Afrique en 2026 : opportunit\u00e9s, perspectives et strat\u00e9gies pour r\u00e9ussir\u200b\" srcset=\"https:\/\/impact-afrik.com\/wp-content\/uploads\/2026\/01\/52-300x169.png 300w, https:\/\/impact-afrik.com\/wp-content\/uploads\/2026\/01\/52-1024x576.png 1024w, https:\/\/impact-afrik.com\/wp-content\/uploads\/2026\/01\/52-1536x864.png 1536w, https:\/\/impact-afrik.com\/wp-content\/uploads\/2026\/01\/52-18x10.png 18w, https:\/\/impact-afrik.com\/wp-content\/uploads\/2026\/01\/52.png 1920w\" sizes=\"auto, 100vw\" \/>\t\t\t\t\t<\/a>\n\t\t\t\t<\/div>\n\t\t\t\n\t\t\t<div class=\"hfe-post-content\">\n\t\t\t\t\t\t\t\t\t<h3 class=\"hfe-post-title\">\n\t\t\t\t\t\t<a href=\"https:\/\/impact-afrik.com\/en\/pourquoi-investir-en-afrique-en-2026-opportunites-perspectives-et-strategies-pour-reussir\/\" rel=\"bookmark\">\n\t\t\t\t\t\t\tWhy invest in Africa in 2026: opportunities, prospects and strategies for success\t\t\t\t\t\t<\/a>\n\t\t\t\t\t<\/h3>\n\t\t\t\t\n\t\t\t\t\t\t\t\t\t<div class=\"hfe-post-meta\">\n\t\t\t\t\t\t<span class=\"hfe-post-date\">January 30, 2026<\/span>\t\t\t\t\t<\/div>\n\t\t\t\t\n\t\t\t\t\n\t\t\t\t\t\t\t\t\t<a href=\"https:\/\/impact-afrik.com\/en\/pourquoi-investir-en-afrique-en-2026-opportunites-perspectives-et-strategies-pour-reussir\/\" class=\"hfe-read-more\" rel=\"bookmark\">\n\t\t\t\t\t\tDiscover\u2192\t\t\t\t\t<\/a>\n\t\t\t\t\t\t\t<\/div>\n\t\t<\/article>\n\t\t<\/div>\n\t\t\t\t<\/div>\n\t\t\t\t<\/div>\n\t\t\t\t<\/div>\n\t\t\t\t<\/div>","protected":false},"excerpt":{"rendered":"<p>Pourquoi investir en Afrique en 2026 : opportunit\u00e9s, perspectives et strat\u00e9gies pour r\u00e9ussir\u200b janvier 30, 2026 D\u00e9couvrir\u2192 Hello world! novembre 6, 2025 D\u00e9couvrir\u2192<\/p>","protected":false},"author":1,"featured_media":0,"parent":0,"menu_order":0,"comment_status":"closed","ping_status":"closed","template":"","meta":{"inspiro_hide_title":false,"footnotes":""},"class_list":["post-709","page","type-page","status-publish","hentry"],"_links":{"self":[{"href":"https:\/\/impact-afrik.com\/en\/wp-json\/wp\/v2\/pages\/709","targetHints":{"allow":["GET"]}}],"collection":[{"href":"https:\/\/impact-afrik.com\/en\/wp-json\/wp\/v2\/pages"}],"about":[{"href":"https:\/\/impact-afrik.com\/en\/wp-json\/wp\/v2\/types\/page"}],"author":[{"embeddable":true,"href":"https:\/\/impact-afrik.com\/en\/wp-json\/wp\/v2\/users\/1"}],"replies":[{"embeddable":true,"href":"https:\/\/impact-afrik.com\/en\/wp-json\/wp\/v2\/comments?post=709"}],"version-history":[{"count":10,"href":"https:\/\/impact-afrik.com\/en\/wp-json\/wp\/v2\/pages\/709\/revisions"}],"predecessor-version":[{"id":1105,"href":"https:\/\/impact-afrik.com\/en\/wp-json\/wp\/v2\/pages\/709\/revisions\/1105"}],"wp:attachment":[{"href":"https:\/\/impact-afrik.com\/en\/wp-json\/wp\/v2\/media?parent=709"}],"curies":[{"name":"wp","href":"https:\/\/api.w.org\/{rel}","templated":true}]}}