{"id":667,"date":"2026-01-21T13:07:30","date_gmt":"2026-01-21T13:07:30","guid":{"rendered":"https:\/\/impact-afrik.com\/?page_id=667"},"modified":"2026-03-27T18:34:17","modified_gmt":"2026-03-27T18:34:17","slug":"aide-a-l-export","status":"publish","type":"page","link":"https:\/\/impact-afrik.com\/en\/aide-a-l-export\/","title":{"rendered":"Export assistance"},"content":{"rendered":"<div data-elementor-type=\"wp-page\" data-elementor-id=\"667\" class=\"elementor elementor-667\">\n\t\t\t\t<div class=\"elementor-element elementor-element-49e66db e-con-full e-flex e-con e-parent\" data-id=\"49e66db\" data-element_type=\"container\" data-e-type=\"container\">\n\t\t\t\t<div class=\"elementor-element elementor-element-3103d40 elementor-widget elementor-widget-text-editor\" data-id=\"3103d40\" data-element_type=\"widget\" data-e-type=\"widget\" data-widget_type=\"text-editor.default\">\n\t\t\t\t\t\t\t\t\t<p><span class=\"a_GcMg font-feature-liga-off font-feature-clig-off font-feature-calt-off text-decoration-none text-strikethrough-none\" style=\"color: rgba(0,0,0,var(--o42jjq,1)); caret-color: #000000; --ys-xuq: none; font-kerning: normal;\">We support Senegalese and African companies in their export structuring and international market projection, providing them with both a strategic understanding of the target market and concrete operational support right up to their presence in the field.<\/span><\/p>\t\t\t\t\t\t\t\t<\/div>\n\t\t\t\t<\/div>\n\t\t<div class=\"elementor-element elementor-element-c2ae16e e-con-full e-flex e-con e-parent\" data-id=\"c2ae16e\" data-element_type=\"container\" data-e-type=\"container\">\n\t\t<div class=\"elementor-element elementor-element-938abbc e-con-full e-flex e-con e-child\" data-id=\"938abbc\" data-element_type=\"container\" data-e-type=\"container\">\n\t\t\t\t<div class=\"elementor-element elementor-element-2ee3ea1 elementor-widget elementor-widget-image\" data-id=\"2ee3ea1\" data-element_type=\"widget\" data-e-type=\"widget\" data-widget_type=\"image.default\">\n\t\t\t\t\t\t\t\t\t\t\t\t\t\t\t<img fetchpriority=\"high\" decoding=\"async\" width=\"950\" height=\"534\" src=\"https:\/\/impact-afrik.com\/wp-content\/uploads\/2026\/01\/11-1024x576.png\" class=\"attachment-large size-large wp-image-976\" alt=\"\" srcset=\"https:\/\/impact-afrik.com\/wp-content\/uploads\/2026\/01\/11-1024x576.png 1024w, https:\/\/impact-afrik.com\/wp-content\/uploads\/2026\/01\/11-300x169.png 300w, https:\/\/impact-afrik.com\/wp-content\/uploads\/2026\/01\/11-1536x864.png 1536w, https:\/\/impact-afrik.com\/wp-content\/uploads\/2026\/01\/11-18x10.png 18w, https:\/\/impact-afrik.com\/wp-content\/uploads\/2026\/01\/11.png 1920w\" sizes=\"100vw\" \/>\t\t\t\t\t\t\t\t\t\t\t\t\t\t\t<\/div>\n\t\t\t\t<\/div>\n\t\t<div class=\"elementor-element elementor-element-38368d3 e-con-full e-flex e-con e-child\" data-id=\"38368d3\" data-element_type=\"container\" data-e-type=\"container\">\n\t\t\t\t<div class=\"elementor-element elementor-element-5ffd5d4 elementor-widget elementor-widget-heading\" data-id=\"5ffd5d4\" data-element_type=\"widget\" data-e-type=\"widget\" data-widget_type=\"heading.default\">\n\t\t\t\t\t<h3 class=\"elementor-heading-title elementor-size-default\">Targeted market approach\n<\/h3>\t\t\t\t<\/div>\n\t\t\t\t<div class=\"elementor-element elementor-element-a3b0db3 elementor-widget elementor-widget-text-editor\" data-id=\"a3b0db3\" data-element_type=\"widget\" data-e-type=\"widget\" data-widget_type=\"text-editor.default\">\n\t\t\t\t\t\t\t\t\t<ul><li><span class=\"a_GcMg font-feature-liga-off font-feature-clig-off font-feature-calt-off text-decoration-none text-strikethrough-none\">Market analysis: size, trends, competition, regulations<\/span><\/li><li><span class=\"a_GcMg font-feature-liga-off font-feature-clig-off font-feature-calt-off text-decoration-none text-strikethrough-none\">Analysis of local consumer habits<\/span><\/li><li><span class=\"a_GcMg font-feature-liga-off font-feature-clig-off font-feature-calt-off text-decoration-none text-strikethrough-none\">Identification of possible distribution channels<\/span><\/li><li><span class=\"a_GcMg font-feature-liga-off font-feature-clig-off font-feature-calt-off text-decoration-none text-strikethrough-none\">Identifying risks and opportunities<\/span><\/li><\/ul><p class=\"cvGsUA direction-ltr align-start para-style-body\"><strong><span style=\"text-decoration: underline;\"><span class=\"a_GcMg font-feature-liga-off font-feature-clig-off font-feature-calt-off text-decoration-none text-strikethrough-none\">Deliverable<\/span><\/span><\/strong><span class=\"a_GcMg font-feature-liga-off font-feature-clig-off font-feature-calt-off text-decoration-none text-strikethrough-none\"> : Customized market intelligence note.<\/span><\/p>\t\t\t\t\t\t\t\t<\/div>\n\t\t\t\t<\/div>\n\t\t\t\t<\/div>\n\t\t<div class=\"elementor-element elementor-element-894f73a e-con-full e-flex e-con e-parent\" data-id=\"894f73a\" data-element_type=\"container\" data-e-type=\"container\">\n\t\t<div class=\"elementor-element elementor-element-bad8461 e-con-full e-flex e-con e-child\" data-id=\"bad8461\" data-element_type=\"container\" data-e-type=\"container\">\n\t\t\t\t<div class=\"elementor-element elementor-element-5d371c4 elementor-widget elementor-widget-heading\" data-id=\"5d371c4\" data-element_type=\"widget\" data-e-type=\"widget\" data-widget_type=\"heading.default\">\n\t\t\t\t\t<h3 class=\"elementor-heading-title elementor-size-default\">Aligning and adapting the offering\n<\/h3>\t\t\t\t<\/div>\n\t\t\t\t<div class=\"elementor-element elementor-element-3ab4c56 elementor-widget elementor-widget-text-editor\" data-id=\"3ab4c56\" data-element_type=\"widget\" data-e-type=\"widget\" data-widget_type=\"text-editor.default\">\n\t\t\t\t\t\t\t\t\t<ul><li><span class=\"a_GcMg font-feature-liga-off font-feature-clig-off font-feature-calt-off text-decoration-none text-strikethrough-none\">Review of product\/service offering<\/span><\/li><li><span class=\"a_GcMg font-feature-liga-off font-feature-clig-off font-feature-calt-off text-decoration-none text-strikethrough-none\">Adapting the sales pitch to the target market<\/span><\/li><li><span class=\"a_GcMg font-feature-liga-off font-feature-clig-off font-feature-calt-off text-decoration-none text-strikethrough-none\">Recommendations for adapting packaging, pricing and distribution networks<\/span><\/li><li><span class=\"a_GcMg font-feature-liga-off font-feature-clig-off font-feature-calt-off text-decoration-none text-strikethrough-none\">Universalizing the value proposition<\/span><\/li><\/ul><p class=\"cvGsUA direction-ltr align-end para-style-body\"><strong><span style=\"text-decoration: underline;\"><span class=\"a_GcMg font-feature-liga-off font-feature-clig-off font-feature-calt-off text-decoration-none text-strikethrough-none\">Deliverable<\/span><\/span><\/strong><span class=\"a_GcMg font-feature-liga-off font-feature-clig-off font-feature-calt-off text-decoration-none text-strikethrough-none\"> International offer adaptation file.<\/span><\/p>\t\t\t\t\t\t\t\t<\/div>\n\t\t\t\t<\/div>\n\t\t<div class=\"elementor-element elementor-element-4c14e1c e-con-full e-flex e-con e-child\" data-id=\"4c14e1c\" data-element_type=\"container\" data-e-type=\"container\">\n\t\t\t\t<div class=\"elementor-element elementor-element-f8cf7ba elementor-widget elementor-widget-image\" data-id=\"f8cf7ba\" data-element_type=\"widget\" data-e-type=\"widget\" data-widget_type=\"image.default\">\n\t\t\t\t\t\t\t\t\t\t\t\t\t\t\t<img decoding=\"async\" width=\"950\" height=\"534\" src=\"https:\/\/impact-afrik.com\/wp-content\/uploads\/2026\/01\/12-1024x576.png\" class=\"attachment-large size-large wp-image-977\" alt=\"\" srcset=\"https:\/\/impact-afrik.com\/wp-content\/uploads\/2026\/01\/12-1024x576.png 1024w, https:\/\/impact-afrik.com\/wp-content\/uploads\/2026\/01\/12-300x169.png 300w, https:\/\/impact-afrik.com\/wp-content\/uploads\/2026\/01\/12-1536x864.png 1536w, https:\/\/impact-afrik.com\/wp-content\/uploads\/2026\/01\/12-18x10.png 18w, https:\/\/impact-afrik.com\/wp-content\/uploads\/2026\/01\/12.png 1920w\" sizes=\"100vw\" \/>\t\t\t\t\t\t\t\t\t\t\t\t\t\t\t<\/div>\n\t\t\t\t<\/div>\n\t\t\t\t<\/div>\n\t\t<div class=\"elementor-element elementor-element-63f3769 e-con-full e-flex e-con e-parent\" data-id=\"63f3769\" data-element_type=\"container\" data-e-type=\"container\">\n\t\t<div class=\"elementor-element elementor-element-40e3df4 e-con-full e-flex e-con e-child\" data-id=\"40e3df4\" data-element_type=\"container\" data-e-type=\"container\">\n\t\t\t\t<div class=\"elementor-element elementor-element-a509f46 elementor-widget elementor-widget-image\" data-id=\"a509f46\" data-element_type=\"widget\" data-e-type=\"widget\" data-widget_type=\"image.default\">\n\t\t\t\t\t\t\t\t\t\t\t\t\t\t\t<img decoding=\"async\" width=\"950\" height=\"534\" src=\"https:\/\/impact-afrik.com\/wp-content\/uploads\/2026\/01\/13-1024x576.png\" class=\"attachment-large size-large wp-image-978\" alt=\"\" srcset=\"https:\/\/impact-afrik.com\/wp-content\/uploads\/2026\/01\/13-1024x576.png 1024w, https:\/\/impact-afrik.com\/wp-content\/uploads\/2026\/01\/13-300x169.png 300w, https:\/\/impact-afrik.com\/wp-content\/uploads\/2026\/01\/13-1536x864.png 1536w, https:\/\/impact-afrik.com\/wp-content\/uploads\/2026\/01\/13-18x10.png 18w, https:\/\/impact-afrik.com\/wp-content\/uploads\/2026\/01\/13.png 1920w\" sizes=\"100vw\" \/>\t\t\t\t\t\t\t\t\t\t\t\t\t\t\t<\/div>\n\t\t\t\t<\/div>\n\t\t<div class=\"elementor-element elementor-element-a480618 e-con-full e-flex e-con e-child\" data-id=\"a480618\" data-element_type=\"container\" data-e-type=\"container\">\n\t\t\t\t<div class=\"elementor-element elementor-element-d2c7237 elementor-widget elementor-widget-heading\" data-id=\"d2c7237\" data-element_type=\"widget\" data-e-type=\"widget\" data-widget_type=\"heading.default\">\n\t\t\t\t\t<h3 class=\"elementor-heading-title elementor-size-default\">Support for participation in trade fairs and missions\n<\/h3>\t\t\t\t<\/div>\n\t\t\t\t<div class=\"elementor-element elementor-element-c6901ab elementor-widget elementor-widget-text-editor\" data-id=\"c6901ab\" data-element_type=\"widget\" data-e-type=\"widget\" data-widget_type=\"text-editor.default\">\n\t\t\t\t\t\t\t\t\t<ul><li><span class=\"a_GcMg font-feature-liga-off font-feature-clig-off font-feature-calt-off text-decoration-none text-strikethrough-none\">Assistance with registrations and procedures<\/span><\/li><li><span class=\"a_GcMg font-feature-liga-off font-feature-clig-off font-feature-calt-off text-decoration-none text-strikethrough-none\">Logistical coordination (planning, installation, appointment scheduling)<\/span><\/li><li><span class=\"a_GcMg font-feature-liga-off font-feature-clig-off font-feature-calt-off text-decoration-none text-strikethrough-none\">Strategic preparation for participation (objectives, targeting, pitch)<\/span><\/li><li><span class=\"a_GcMg font-feature-liga-off font-feature-clig-off font-feature-calt-off text-decoration-none text-strikethrough-none\">Creating or improving your communication materials<\/span><\/li><li><span class=\"a_GcMg font-feature-liga-off font-feature-clig-off font-feature-calt-off text-decoration-none text-strikethrough-none\">Preparing for B2B meetings<\/span><\/li><li><span class=\"a_GcMg font-feature-liga-off font-feature-clig-off font-feature-calt-off text-decoration-none text-strikethrough-none\">Simulation of exchanges with foreign buyers<\/span><\/li><li><span class=\"a_GcMg font-feature-liga-off font-feature-clig-off font-feature-calt-off text-decoration-none text-strikethrough-none\">Awareness of the intercultural codes of the target market<\/span><\/li><\/ul>\t\t\t\t\t\t\t\t<\/div>\n\t\t\t\t<\/div>\n\t\t\t\t<\/div>\n\t\t\t\t<\/div>","protected":false},"excerpt":{"rendered":"<p>Nous accompagnons les entreprises s\u00e9n\u00e9galaises et africaines dans leur structuration \u00e0 l\u2019export et leur projection sur un march\u00e9 international, en leur apportant \u00e0 la fois une compr\u00e9hension strat\u00e9gique du march\u00e9 cibl\u00e9 et un accompagnement op\u00e9rationnel concret jusqu\u2019\u00e0 leur pr\u00e9sence sur le terrain. Approche march\u00e9 cibl\u00e9e Analyse du march\u00e9 : taille, tendances, concurrence, r\u00e9glementation Analyse des &hellip; <\/p>\n<p class=\"link-more\"><a href=\"https:\/\/impact-afrik.com\/en\/aide-a-l-export\/\" class=\"more-link\">Read more<span class=\"screen-reader-text\"> \u00ab\u00a0Aide \u00e0 l&rsquo;export\u00a0\u00bb<\/span><\/a><\/p>","protected":false},"author":1,"featured_media":0,"parent":0,"menu_order":0,"comment_status":"closed","ping_status":"closed","template":"","meta":{"inspiro_hide_title":false,"footnotes":""},"class_list":["post-667","page","type-page","status-publish","hentry"],"_links":{"self":[{"href":"https:\/\/impact-afrik.com\/en\/wp-json\/wp\/v2\/pages\/667","targetHints":{"allow":["GET"]}}],"collection":[{"href":"https:\/\/impact-afrik.com\/en\/wp-json\/wp\/v2\/pages"}],"about":[{"href":"https:\/\/impact-afrik.com\/en\/wp-json\/wp\/v2\/types\/page"}],"author":[{"embeddable":true,"href":"https:\/\/impact-afrik.com\/en\/wp-json\/wp\/v2\/users\/1"}],"replies":[{"embeddable":true,"href":"https:\/\/impact-afrik.com\/en\/wp-json\/wp\/v2\/comments?post=667"}],"version-history":[{"count":16,"href":"https:\/\/impact-afrik.com\/en\/wp-json\/wp\/v2\/pages\/667\/revisions"}],"predecessor-version":[{"id":981,"href":"https:\/\/impact-afrik.com\/en\/wp-json\/wp\/v2\/pages\/667\/revisions\/981"}],"wp:attachment":[{"href":"https:\/\/impact-afrik.com\/en\/wp-json\/wp\/v2\/media?parent=667"}],"curies":[{"name":"wp","href":"https:\/\/api.w.org\/{rel}","templated":true}]}}