{"id":627,"date":"2026-01-21T13:07:33","date_gmt":"2026-01-21T13:07:33","guid":{"rendered":"https:\/\/impact-afrik.com\/?page_id=627"},"modified":"2026-01-28T16:11:56","modified_gmt":"2026-01-28T16:11:56","slug":"conseil-et-strategie-de-developpement","status":"publish","type":"page","link":"https:\/\/impact-afrik.com\/en\/conseil-et-strategie-de-developpement\/","title":{"rendered":"Consulting and development strategy"},"content":{"rendered":"<div data-elementor-type=\"wp-page\" data-elementor-id=\"627\" class=\"elementor elementor-627\">\n\t\t\t\t<div class=\"elementor-element elementor-element-2c67d53 e-con-full e-flex e-con e-parent\" data-id=\"2c67d53\" data-element_type=\"container\" data-e-type=\"container\">\n\t\t\t\t<div class=\"elementor-element elementor-element-51663ca elementor-widget__width-initial elementor-widget elementor-widget-text-editor\" data-id=\"51663ca\" data-element_type=\"widget\" data-e-type=\"widget\" data-widget_type=\"text-editor.default\">\n\t\t\t\t\t\t\t\t\t<p>We support Senegalese and foreign companies in their development strategy for the Senegalese market. We offer personalized advice to help them set up and position themselves effectively. Our experts guide them through local challenges and growth opportunities. Together, we build tailor-made solutions for their success.<\/p>\t\t\t\t\t\t\t\t<\/div>\n\t\t\t\t<\/div>\n\t\t<div class=\"elementor-element elementor-element-c105828 e-con-full e-flex e-con e-parent\" data-id=\"c105828\" data-element_type=\"container\" data-e-type=\"container\">\n\t\t<div class=\"elementor-element elementor-element-8b6b7f1 e-con-full e-flex e-con e-child\" data-id=\"8b6b7f1\" data-element_type=\"container\" data-e-type=\"container\">\n\t\t\t\t<div class=\"elementor-element elementor-element-047afad elementor-view-default elementor-widget elementor-widget-icon\" data-id=\"047afad\" data-element_type=\"widget\" data-e-type=\"widget\" data-widget_type=\"icon.default\">\n\t\t\t\t\t\t\t<div class=\"elementor-icon-wrapper\">\n\t\t\t<div class=\"elementor-icon\">\n\t\t\t<svg aria-hidden=\"true\" class=\"e-font-icon-svg e-fas-map-pin\" viewbox=\"0 0 288 512\" xmlns=\"http:\/\/www.w3.org\/2000\/svg\"><path d=\"M112 316.94v156.69l22.02 33.02c4.75 7.12 15.22 7.12 19.97 0L176 473.63V316.94c-10.39 1.92-21.06 3.06-32 3.06s-21.61-1.14-32-3.06zM144 0C64.47 0 0 64.47 0 144s64.47 144 144 144 144-64.47 144-144S223.53 0 144 0zm0 76c-37.5 0-68 30.5-68 68 0 6.62-5.38 12-12 12s-12-5.38-12-12c0-50.73 41.28-92 92-92 6.62 0 12 5.38 12 12s-5.38 12-12 12z\"><\/path><\/svg>\t\t\t<\/div>\n\t\t<\/div>\n\t\t\t\t\t\t<\/div>\n\t\t\t\t<\/div>\n\t\t<div class=\"elementor-element elementor-element-6d2be0a e-con-full e-flex e-con e-child\" data-id=\"6d2be0a\" data-element_type=\"container\" data-e-type=\"container\">\n\t\t\t\t<div class=\"elementor-element elementor-element-9c1a351 elementor-widget elementor-widget-text-editor\" data-id=\"9c1a351\" data-element_type=\"widget\" data-e-type=\"widget\" data-widget_type=\"text-editor.default\">\n\t\t\t\t\t\t\t\t\t<h3><span class=\"a_GcMg font-feature-liga-off font-feature-clig-off font-feature-calt-off text-decoration-none text-strikethrough-none\">Market approach<\/span><\/h3>\t\t\t\t\t\t\t\t<\/div>\n\t\t\t\t<\/div>\n\t\t\t\t<\/div>\n\t\t<div class=\"elementor-element elementor-element-4b066c1 e-con-full e-flex e-con e-parent\" data-id=\"4b066c1\" data-element_type=\"container\" data-e-type=\"container\">\n\t\t<div class=\"elementor-element elementor-element-be8c6f3 e-con-full e-flex e-con e-child\" data-id=\"be8c6f3\" data-element_type=\"container\" data-e-type=\"container\">\n\t\t\t\t<div class=\"elementor-element elementor-element-517b592 elementor-view-default elementor-widget elementor-widget-icon\" data-id=\"517b592\" data-element_type=\"widget\" data-e-type=\"widget\" data-widget_type=\"icon.default\">\n\t\t\t\t\t\t\t<div class=\"elementor-icon-wrapper\">\n\t\t\t<div class=\"elementor-icon\">\n\t\t\t<svg aria-hidden=\"true\" class=\"e-font-icon-svg e-fas-user-check\" viewbox=\"0 0 640 512\" xmlns=\"http:\/\/www.w3.org\/2000\/svg\"><path d=\"M224 256c70.7 0 128-57.3 128-128S294.7 0 224 0 96 57.3 96 128s57.3 128 128 128zm89.6 32h-16.7c-22.2 10.2-46.9 16-72.9 16s-50.6-5.8-72.9-16h-16.7C60.2 288 0 348.2 0 422.4V464c0 26.5 21.5 48 48 48h352c26.5 0 48-21.5 48-48v-41.6c0-74.2-60.2-134.4-134.4-134.4zm323-128.4l-27.8-28.1c-4.6-4.7-12.1-4.7-16.8-.1l-104.8 104-45.5-45.8c-4.6-4.7-12.1-4.7-16.8-.1l-28.1 27.9c-4.7 4.6-4.7 12.1-.1 16.8l81.7 82.3c4.6 4.7 12.1 4.7 16.8.1l141.3-140.2c4.6-4.7 4.7-12.2.1-16.8z\"><\/path><\/svg>\t\t\t<\/div>\n\t\t<\/div>\n\t\t\t\t\t\t<\/div>\n\t\t\t\t<\/div>\n\t\t<div class=\"elementor-element elementor-element-a7f3f7e e-con-full e-flex e-con e-child\" data-id=\"a7f3f7e\" data-element_type=\"container\" data-e-type=\"container\">\n\t\t\t\t<div class=\"elementor-element elementor-element-cbe668f elementor-widget elementor-widget-text-editor\" data-id=\"cbe668f\" data-element_type=\"widget\" data-e-type=\"widget\" data-widget_type=\"text-editor.default\">\n\t\t\t\t\t\t\t\t\t<h3><span class=\"a_GcMg font-feature-liga-off font-feature-clig-off font-feature-calt-off text-decoration-none text-strikethrough-none\">Identification of institutional and private partners<\/span><\/h3>\t\t\t\t\t\t\t\t<\/div>\n\t\t\t\t<\/div>\n\t\t\t\t<\/div>\n\t\t<div class=\"elementor-element elementor-element-203312f e-con-full e-flex e-con e-parent\" data-id=\"203312f\" data-element_type=\"container\" data-e-type=\"container\">\n\t\t<div class=\"elementor-element elementor-element-4153c23 e-con-full e-flex e-con e-child\" data-id=\"4153c23\" data-element_type=\"container\" data-e-type=\"container\">\n\t\t\t\t<div class=\"elementor-element elementor-element-9b01cb0 elementor-view-default elementor-widget elementor-widget-icon\" data-id=\"9b01cb0\" data-element_type=\"widget\" data-e-type=\"widget\" data-widget_type=\"icon.default\">\n\t\t\t\t\t\t\t<div class=\"elementor-icon-wrapper\">\n\t\t\t<div class=\"elementor-icon\">\n\t\t\t<svg aria-hidden=\"true\" class=\"e-font-icon-svg e-fas-hand-holding\" viewbox=\"0 0 576 512\" xmlns=\"http:\/\/www.w3.org\/2000\/svg\"><path d=\"M565.3 328.1c-11.8-10.7-30.2-10-42.6 0L430.3 402c-11.3 9.1-25.4 14-40 14H272c-8.8 0-16-7.2-16-16s7.2-16 16-16h78.3c15.9 0 30.7-10.9 33.3-26.6 3.3-20-12.1-37.4-31.6-37.4H192c-27 0-53.1 9.3-74.1 26.3L71.4 384H16c-8.8 0-16 7.2-16 16v96c0 8.8 7.2 16 16 16h356.8c14.5 0 28.6-4.9 40-14L564 377c15.2-12.1 16.4-35.3 1.3-48.9z\"><\/path><\/svg>\t\t\t<\/div>\n\t\t<\/div>\n\t\t\t\t\t\t<\/div>\n\t\t\t\t<\/div>\n\t\t<div class=\"elementor-element elementor-element-ac9658a e-con-full e-flex e-con e-child\" data-id=\"ac9658a\" data-element_type=\"container\" data-e-type=\"container\">\n\t\t\t\t<div class=\"elementor-element elementor-element-c4a75d5 elementor-widget elementor-widget-text-editor\" data-id=\"c4a75d5\" data-element_type=\"widget\" data-e-type=\"widget\" data-widget_type=\"text-editor.default\">\n\t\t\t\t\t\t\t\t\t<h3><span class=\"a_GcMg font-feature-liga-off font-feature-clig-off font-feature-calt-off text-decoration-none text-strikethrough-none\">Targeted consulting, training and workshops<\/span><\/h3>\t\t\t\t\t\t\t\t<\/div>\n\t\t\t\t<\/div>\n\t\t\t\t<\/div>\n\t\t<div class=\"elementor-element elementor-element-c71ec3f e-con-full e-flex e-con e-parent\" data-id=\"c71ec3f\" data-element_type=\"container\" data-e-type=\"container\">\n\t\t<div class=\"elementor-element elementor-element-38165f1 e-con-full e-flex e-con e-child\" data-id=\"38165f1\" data-element_type=\"container\" data-e-type=\"container\">\n\t\t\t\t<div class=\"elementor-element elementor-element-ace8420 elementor-widget elementor-widget-heading\" data-id=\"ace8420\" data-element_type=\"widget\" data-e-type=\"widget\" data-widget_type=\"heading.default\">\n\t\t\t\t\t<h2 class=\"elementor-heading-title elementor-size-default\">Advice point<\/h2>\t\t\t\t<\/div>\n\t\t\t\t<div class=\"elementor-element elementor-element-4dc4f09 elementor-widget elementor-widget-text-editor\" data-id=\"4dc4f09\" data-element_type=\"widget\" data-e-type=\"widget\" data-widget_type=\"text-editor.default\">\n\t\t\t\t\t\t\t\t\t<p><span style=\"color: rgba(0,0,0,var(--o42jjq,1)); caret-color: #000000; --ys-xuq: none; font-kerning: normal;\">A 2-hour exchange to understand your market, your objectives and discuss possible directions.<\/span><\/p>\t\t\t\t\t\t\t\t<\/div>\n\t\t\t\t<\/div>\n\t\t\t\t<div class=\"elementor-element elementor-element-58aceca elementor-widget__width-initial elementor-widget elementor-widget-image\" data-id=\"58aceca\" data-element_type=\"widget\" data-e-type=\"widget\" data-widget_type=\"image.default\">\n\t\t\t\t\t\t\t\t\t\t\t\t\t\t\t<img fetchpriority=\"high\" decoding=\"async\" width=\"300\" height=\"169\" src=\"https:\/\/impact-afrik.com\/wp-content\/uploads\/2026\/01\/banque-photos-site-300x169.png\" class=\"attachment-medium size-medium wp-image-1024\" alt=\"\" srcset=\"https:\/\/impact-afrik.com\/wp-content\/uploads\/2026\/01\/banque-photos-site-300x169.png 300w, https:\/\/impact-afrik.com\/wp-content\/uploads\/2026\/01\/banque-photos-site-1024x576.png 1024w, https:\/\/impact-afrik.com\/wp-content\/uploads\/2026\/01\/banque-photos-site-1536x864.png 1536w, https:\/\/impact-afrik.com\/wp-content\/uploads\/2026\/01\/banque-photos-site-18x10.png 18w, https:\/\/impact-afrik.com\/wp-content\/uploads\/2026\/01\/banque-photos-site.png 1920w\" sizes=\"100vw\" \/>\t\t\t\t\t\t\t\t\t\t\t\t\t\t\t<\/div>\n\t\t\t\t<div class=\"elementor-element elementor-element-d124963 elementor-widget elementor-widget-text-editor\" data-id=\"d124963\" data-element_type=\"widget\" data-e-type=\"widget\" data-widget_type=\"text-editor.default\">\n\t\t\t\t\t\t\t\t\t<h3>\u00a0 \u00a0 \u00a0Included<\/h3><ul><li><span style=\"color: rgba(0,0,0,var(--o42jjq,1)); caret-color: #000000; --ys-xuq: none; font-kerning: normal;\">Target identification<\/span><\/li><li><span style=\"color: rgba(0,0,0,var(--o42jjq,1)); caret-color: #000000; --ys-xuq: none; font-kerning: normal;\">Analysis of your market approach and orientation<\/span><\/li><li><span style=\"color: rgba(0,0,0,var(--o42jjq,1)); caret-color: #000000; --ys-xuq: none; font-kerning: normal;\">deliverable on 2 pages<\/span><\/li><\/ul>\t\t\t\t\t\t\t\t<\/div>\n\t\t\t\t<\/div>\n\t\t<div class=\"elementor-element elementor-element-3effe03 e-flex e-con-boxed e-con e-parent\" data-id=\"3effe03\" data-element_type=\"container\" data-e-type=\"container\">\n\t\t\t\t\t<div class=\"e-con-inner\">\n\t\t\t\t<div class=\"elementor-element elementor-element-497fd67 elementor-align-center elementor-widget elementor-widget-button\" data-id=\"497fd67\" data-element_type=\"widget\" data-e-type=\"widget\" data-widget_type=\"button.default\">\n\t\t\t\t\t\t\t\t\t\t<a class=\"elementor-button elementor-button-link elementor-size-sm\" href=\"\">\n\t\t\t\t\t\t<span class=\"elementor-button-content-wrapper\">\n\t\t\t\t\t\t\t\t\t<span class=\"elementor-button-text\">Book my first free appointment<\/span>\n\t\t\t\t\t<\/span>\n\t\t\t\t\t<\/a>\n\t\t\t\t\t\t\t\t<\/div>\n\t\t\t\t\t<\/div>\n\t\t\t\t<\/div>\n\t\t\t\t<\/div>","protected":false},"excerpt":{"rendered":"<p>Nous accompagnons les entreprises s\u00e9n\u00e9galaises et \u00e9trang\u00e8res dans leur strat\u00e9gie de d\u00e9veloppement sur le march\u00e9 s\u00e9n\u00e9galais. Nous offrons des conseils personnalis\u00e9s pour les aider \u00e0 s&rsquo;implanter et \u00e0 se positionner efficacement. Nos experts les guident \u00e0 travers les d\u00e9fis locaux et les opportunit\u00e9s de croissance. Ensemble, nous construisons des solutions sur mesure pour leur succ\u00e8s. &hellip; <\/p>\n<p class=\"link-more\"><a href=\"https:\/\/impact-afrik.com\/en\/conseil-et-strategie-de-developpement\/\" class=\"more-link\">Read more<span class=\"screen-reader-text\"> \u00ab\u00a0Conseil et strat\u00e9gie de d\u00e9veloppement\u00a0\u00bb<\/span><\/a><\/p>","protected":false},"author":1,"featured_media":0,"parent":0,"menu_order":0,"comment_status":"closed","ping_status":"closed","template":"","meta":{"inspiro_hide_title":false,"footnotes":""},"class_list":["post-627","page","type-page","status-publish","hentry"],"_links":{"self":[{"href":"https:\/\/impact-afrik.com\/en\/wp-json\/wp\/v2\/pages\/627","targetHints":{"allow":["GET"]}}],"collection":[{"href":"https:\/\/impact-afrik.com\/en\/wp-json\/wp\/v2\/pages"}],"about":[{"href":"https:\/\/impact-afrik.com\/en\/wp-json\/wp\/v2\/types\/page"}],"author":[{"embeddable":true,"href":"https:\/\/impact-afrik.com\/en\/wp-json\/wp\/v2\/users\/1"}],"replies":[{"embeddable":true,"href":"https:\/\/impact-afrik.com\/en\/wp-json\/wp\/v2\/comments?post=627"}],"version-history":[{"count":16,"href":"https:\/\/impact-afrik.com\/en\/wp-json\/wp\/v2\/pages\/627\/revisions"}],"predecessor-version":[{"id":1030,"href":"https:\/\/impact-afrik.com\/en\/wp-json\/wp\/v2\/pages\/627\/revisions\/1030"}],"wp:attachment":[{"href":"https:\/\/impact-afrik.com\/en\/wp-json\/wp\/v2\/media?parent=627"}],"curies":[{"name":"wp","href":"https:\/\/api.w.org\/{rel}","templated":true}]}}