{"id":498,"date":"2026-01-14T11:32:16","date_gmt":"2026-01-14T11:32:16","guid":{"rendered":"https:\/\/impact-afrik.com\/?page_id=498"},"modified":"2026-03-27T11:37:48","modified_gmt":"2026-03-27T11:37:48","slug":"identite","status":"publish","type":"page","link":"https:\/\/impact-afrik.com\/en\/identite\/","title":{"rendered":"About us"},"content":{"rendered":"<div data-elementor-type=\"wp-post\" data-elementor-id=\"498\" class=\"elementor elementor-498\">\n\t\t\t\t<div class=\"elementor-element elementor-element-fe87e4d e-con-full e-flex e-con e-parent\" data-id=\"fe87e4d\" data-element_type=\"container\" data-e-type=\"container\">\n\t\t\t\t<div class=\"elementor-element elementor-element-68f4b9a elementor-widget elementor-widget-text-editor\" data-id=\"68f4b9a\" data-element_type=\"widget\" data-e-type=\"widget\" data-widget_type=\"text-editor.default\">\n\t\t\t\t\t\t\t\t\t<p><span class=\"a_GcMg font-feature-liga-off font-feature-clig-off font-feature-calt-off text-decoration-none text-strikethrough-none\" style=\"color: rgba(5,29,100,var(--o42jjq,1)); caret-color: #051d64; font-kerning: normal;\">Impact Afrik Consulting was born of a shared conviction: that Africa's economic development depends on solid partnerships, local expertise and a sustainable vision.<\/span><\/p>\t\t\t\t\t\t\t\t<\/div>\n\t\t\t\t<div class=\"elementor-element elementor-element-6b5088d elementor-widget elementor-widget-heading\" data-id=\"6b5088d\" data-element_type=\"widget\" data-e-type=\"widget\" data-widget_type=\"heading.default\">\n\t\t\t\t\t<h2 class=\"elementor-heading-title elementor-size-default\"><span class=\"a_GcMg font-feature-liga-off font-feature-clig-off font-feature-calt-off text-decoration-none text-strikethrough-none\">Created by two generations<\/span><span class=\"a_GcMg font-feature-liga-off font-feature-clig-off font-feature-calt-off text-decoration-none text-strikethrough-none white-space-prewrap\"><\/span><\/h2>\t\t\t\t<\/div>\n\t\t\t\t<\/div>\n\t\t<div class=\"elementor-element elementor-element-5844dbc e-con-full e-flex e-con e-parent\" data-id=\"5844dbc\" data-element_type=\"container\" data-e-type=\"container\">\n\t\t\t\t<div class=\"elementor-element elementor-element-ae638a0 elementor-widget__width-initial elementor-widget elementor-widget-text-editor\" data-id=\"ae638a0\" data-element_type=\"widget\" data-e-type=\"widget\" data-widget_type=\"text-editor.default\">\n\t\t\t\t\t\t\t\t\t<p><span class=\"a_GcMg font-feature-liga-off font-feature-clig-off font-feature-calt-off text-decoration-none text-strikethrough-none\" style=\"color: rgba(5,29,100,var(--o42jjq,1)); caret-color: #051d64; font-kerning: normal;\">of committed consultants, the firm is anchored between Senegal and France, linking the African and European economic ecosystems.\u00a0<\/span><\/p><p><span class=\"a_GcMg font-feature-liga-off font-feature-clig-off font-feature-calt-off text-decoration-none text-strikethrough-none\" style=\"color: rgba(5,29,100,var(--o42jjq,1)); caret-color: #051d64; font-kerning: normal;\"><span class=\"a_GcMg font-feature-liga-off font-feature-clig-off font-feature-calt-off text-decoration-none text-strikethrough-none\" style=\"color: rgba(5,29,100,var(--o42jjq,1)); font-kerning: none;\">With our complementary experience in<span class=\"Apple-converted-space\">\u00a0<\/span><\/span><span class=\"a_GcMg font-feature-liga-off font-feature-clig-off font-feature-calt-off text-decoration-none text-strikethrough-none\" style=\"color: rgba(5,29,100,var(--o42jjq,1)); font-weight: bold; font-kerning: none;\">development, communication and sustainability<span class=\"Apple-converted-space\">\u00a0<\/span><\/span><span class=\"a_GcMg font-feature-liga-off font-feature-clig-off font-feature-calt-off text-decoration-none text-strikethrough-none\" style=\"color: rgba(5,29,100,var(--o42jjq,1)); font-kerning: none;\">we support Senegalese companies in their national and international growth. We also support foreign companies wishing to develop their activities in Senegal, by promoting synergies and local economic impact. Our approach is pragmatic, innovative and results-oriented.<\/span><\/span><\/p>\t\t\t\t\t\t\t\t<\/div>\n\t\t<div class=\"elementor-element elementor-element-38fc33e e-con-full e-flex e-con e-child\" data-id=\"38fc33e\" data-element_type=\"container\" data-e-type=\"container\">\n\t\t\t\t<div class=\"elementor-element elementor-element-bc82d50 elementor-widget elementor-widget-image\" data-id=\"bc82d50\" data-element_type=\"widget\" data-e-type=\"widget\" data-widget_type=\"image.default\">\n\t\t\t\t\t\t\t\t\t\t\t\t\t\t\t<img fetchpriority=\"high\" decoding=\"async\" width=\"950\" height=\"534\" src=\"https:\/\/impact-afrik.com\/wp-content\/uploads\/2026\/01\/banque-photos-site-2-1024x576.png\" class=\"attachment-large size-large wp-image-1065\" alt=\"\" srcset=\"https:\/\/impact-afrik.com\/wp-content\/uploads\/2026\/01\/banque-photos-site-2-1024x576.png 1024w, https:\/\/impact-afrik.com\/wp-content\/uploads\/2026\/01\/banque-photos-site-2-300x169.png 300w, https:\/\/impact-afrik.com\/wp-content\/uploads\/2026\/01\/banque-photos-site-2-1536x864.png 1536w, https:\/\/impact-afrik.com\/wp-content\/uploads\/2026\/01\/banque-photos-site-2-18x10.png 18w, https:\/\/impact-afrik.com\/wp-content\/uploads\/2026\/01\/banque-photos-site-2.png 1920w\" sizes=\"100vw\" \/>\t\t\t\t\t\t\t\t\t\t\t\t\t\t\t<\/div>\n\t\t\t\t<\/div>\n\t\t\t\t<\/div>\n\t\t<div class=\"elementor-element elementor-element-8092f7f e-con-full e-flex e-con e-parent\" data-id=\"8092f7f\" data-element_type=\"container\" data-e-type=\"container\">\n\t\t\t\t<div class=\"elementor-element elementor-element-5799d6d elementor-widget elementor-widget-heading\" data-id=\"5799d6d\" data-element_type=\"widget\" data-e-type=\"widget\" data-widget_type=\"heading.default\">\n\t\t\t\t\t<h3 class=\"elementor-heading-title elementor-size-default\"><span class=\"a_GcMg font-feature-liga-off font-feature-clig-off font-feature-calt-off text-decoration-none text-strikethrough-none\">Our ambition is clear<\/span><span class=\"a_GcMg font-feature-liga-off font-feature-clig-off font-feature-calt-off text-decoration-none text-strikethrough-none white-space-prewrap\" style=\"font-weight: 400\"><\/span><\/h3>\t\t\t\t<\/div>\n\t\t\t\t<div class=\"elementor-element elementor-element-21b00da elementor-widget elementor-widget-text-editor\" data-id=\"21b00da\" data-element_type=\"widget\" data-e-type=\"widget\" data-widget_type=\"text-editor.default\">\n\t\t\t\t\t\t\t\t\t<p><span class=\"a_GcMg font-feature-liga-off font-feature-clig-off font-feature-calt-off text-decoration-none text-strikethrough-none\" style=\"color: rgba(5,29,100,var(--o42jjq,1)); caret-color: #051d64; font-kerning: none;\">To become an engine of transformation for Senegalese companies, and a reliable partner for players looking to establish a long-term foothold in Senegal and Africa.<\/span><\/p>\t\t\t\t\t\t\t\t<\/div>\n\t\t\t\t<div class=\"elementor-element elementor-element-8b30e1d elementor-widget elementor-widget-heading\" data-id=\"8b30e1d\" data-element_type=\"widget\" data-e-type=\"widget\" data-widget_type=\"heading.default\">\n\t\t\t\t\t<h2 class=\"elementor-heading-title elementor-size-default\">Our mission and values <\/h2>\t\t\t\t<\/div>\n\t\t\t\t<div class=\"elementor-element elementor-element-582527e elementor-widget elementor-widget-text-editor\" data-id=\"582527e\" data-element_type=\"widget\" data-e-type=\"widget\" data-widget_type=\"text-editor.default\">\n\t\t\t\t\t\t\t\t\t<p class=\"cvGsUA direction-ltr align-start para-style-body\"><span class=\"a_GcMg font-feature-liga-off font-feature-clig-off font-feature-calt-off text-decoration-none text-strikethrough-none\">At<\/span><span class=\"a_GcMg font-feature-liga-off font-feature-clig-off font-feature-calt-off text-decoration-none text-strikethrough-none\"> Impact Afrik Consulting<\/span><span class=\"a_GcMg font-feature-liga-off font-feature-clig-off font-feature-calt-off text-decoration-none text-strikethrough-none\">, Our mission is to support companies wishing to develop in or from Senegal, by providing them with solid local expertise, a network rooted in the realities on the ground and a resolutely impact-oriented approach.<\/span><\/p><p class=\"cvGsUA direction-ltr align-start para-style-body\"><span class=\"a_GcMg font-feature-liga-off font-feature-clig-off font-feature-calt-off text-decoration-none text-strikethrough-none\">We are convinced that economic performance and social responsibility are not mutually exclusive: they reinforce each other and together create the foundations for sustainable, inclusive growth.<\/span><\/p><p class=\"cvGsUA direction-ltr align-justify para-style-body\"><span class=\"a_GcMg font-feature-liga-off font-feature-clig-off font-feature-calt-off text-decoration-none text-strikethrough-none\">Our ambition is to transform opportunities into lasting successes, by building bridges between talents and territories, missions and visions.<\/span><\/p>\t\t\t\t\t\t\t\t<\/div>\n\t\t\t\t<\/div>\n\t\t<div class=\"elementor-element elementor-element-6f07a37 e-con-full e-flex e-con e-parent\" data-id=\"6f07a37\" data-element_type=\"container\" data-e-type=\"container\">\n\t\t<div class=\"elementor-element elementor-element-773d095 e-con-full e-flex e-con e-child\" data-id=\"773d095\" data-element_type=\"container\" data-e-type=\"container\">\n\t\t\t\t<div class=\"elementor-element elementor-element-211c962 elementor-widget elementor-widget-heading\" data-id=\"211c962\" data-element_type=\"widget\" data-e-type=\"widget\" data-widget_type=\"heading.default\">\n\t\t\t\t\t<h3 class=\"elementor-heading-title elementor-size-default\">Commitment<\/h3>\t\t\t\t<\/div>\n\t\t\t\t<div class=\"elementor-element elementor-element-c1f379f elementor-widget elementor-widget-image\" data-id=\"c1f379f\" data-element_type=\"widget\" data-e-type=\"widget\" data-widget_type=\"image.default\">\n\t\t\t\t\t\t\t\t\t\t\t\t\t\t\t<img decoding=\"async\" width=\"950\" height=\"534\" src=\"https:\/\/impact-afrik.com\/wp-content\/uploads\/2026\/01\/59-1024x576.png\" class=\"attachment-large size-large wp-image-1066\" alt=\"\" srcset=\"https:\/\/impact-afrik.com\/wp-content\/uploads\/2026\/01\/59-1024x576.png 1024w, https:\/\/impact-afrik.com\/wp-content\/uploads\/2026\/01\/59-300x169.png 300w, https:\/\/impact-afrik.com\/wp-content\/uploads\/2026\/01\/59-1536x864.png 1536w, https:\/\/impact-afrik.com\/wp-content\/uploads\/2026\/01\/59-18x10.png 18w, https:\/\/impact-afrik.com\/wp-content\/uploads\/2026\/01\/59.png 1920w\" sizes=\"100vw\" \/>\t\t\t\t\t\t\t\t\t\t\t\t\t\t\t<\/div>\n\t\t\t\t<div class=\"elementor-element elementor-element-8425bf6 elementor-widget elementor-widget-text-editor\" data-id=\"8425bf6\" data-element_type=\"widget\" data-e-type=\"widget\" data-widget_type=\"text-editor.default\">\n\t\t\t\t\t\t\t\t\t<p><span class=\"a_GcMg font-feature-liga-off font-feature-clig-off font-feature-calt-off text-decoration-none text-strikethrough-none\" style=\"color: rgba(39,44,87,var(--o42jjq,1)); caret-color: #272c57; font-kerning: none;\">We accompany each customer with conviction and a sense of results.<\/span><\/p>\t\t\t\t\t\t\t\t<\/div>\n\t\t\t\t<\/div>\n\t\t<div class=\"elementor-element elementor-element-a90a176 e-con-full e-flex e-con e-child\" data-id=\"a90a176\" data-element_type=\"container\" data-e-type=\"container\">\n\t\t\t\t<div class=\"elementor-element elementor-element-6ea50a7 elementor-widget elementor-widget-heading\" data-id=\"6ea50a7\" data-element_type=\"widget\" data-e-type=\"widget\" data-widget_type=\"heading.default\">\n\t\t\t\t\t<h3 class=\"elementor-heading-title elementor-size-default\">Transparency<\/h3>\t\t\t\t<\/div>\n\t\t\t\t<div class=\"elementor-element elementor-element-72708fe elementor-widget elementor-widget-image\" data-id=\"72708fe\" data-element_type=\"widget\" data-e-type=\"widget\" data-widget_type=\"image.default\">\n\t\t\t\t\t\t\t\t\t\t\t\t\t\t\t<img decoding=\"async\" width=\"950\" height=\"534\" src=\"https:\/\/impact-afrik.com\/wp-content\/uploads\/2026\/01\/61-1024x576.png\" class=\"attachment-large size-large wp-image-1068\" alt=\"\" srcset=\"https:\/\/impact-afrik.com\/wp-content\/uploads\/2026\/01\/61-1024x576.png 1024w, https:\/\/impact-afrik.com\/wp-content\/uploads\/2026\/01\/61-300x169.png 300w, https:\/\/impact-afrik.com\/wp-content\/uploads\/2026\/01\/61-1536x864.png 1536w, https:\/\/impact-afrik.com\/wp-content\/uploads\/2026\/01\/61-18x10.png 18w, https:\/\/impact-afrik.com\/wp-content\/uploads\/2026\/01\/61.png 1920w\" sizes=\"100vw\" \/>\t\t\t\t\t\t\t\t\t\t\t\t\t\t\t<\/div>\n\t\t\t\t<div class=\"elementor-element elementor-element-34508b8 elementor-widget elementor-widget-text-editor\" data-id=\"34508b8\" data-element_type=\"widget\" data-e-type=\"widget\" data-widget_type=\"text-editor.default\">\n\t\t\t\t\t\t\t\t\t<p><span class=\"a_GcMg font-feature-liga-off font-feature-clig-off font-feature-calt-off text-decoration-none text-strikethrough-none\" style=\"color: rgba(39,44,87,var(--o42jjq,1)); caret-color: #272c57; font-kerning: none;\">We value clarity, trust and sincerity in all our dealings.<\/span><\/p>\t\t\t\t\t\t\t\t<\/div>\n\t\t\t\t<\/div>\n\t\t<div class=\"elementor-element elementor-element-676e5b7 e-con-full e-flex e-con e-child\" data-id=\"676e5b7\" data-element_type=\"container\" data-e-type=\"container\">\n\t\t\t\t<div class=\"elementor-element elementor-element-23f155d elementor-widget elementor-widget-heading\" data-id=\"23f155d\" data-element_type=\"widget\" data-e-type=\"widget\" data-widget_type=\"heading.default\">\n\t\t\t\t\t<h3 class=\"elementor-heading-title elementor-size-default\">Responsible innovation<\/h3>\t\t\t\t<\/div>\n\t\t\t\t<div class=\"elementor-element elementor-element-6385444 elementor-widget elementor-widget-image\" data-id=\"6385444\" data-element_type=\"widget\" data-e-type=\"widget\" data-widget_type=\"image.default\">\n\t\t\t\t\t\t\t\t\t\t\t\t\t\t\t<img loading=\"lazy\" decoding=\"async\" width=\"950\" height=\"534\" src=\"https:\/\/impact-afrik.com\/wp-content\/uploads\/2026\/01\/60-1024x576.png\" class=\"attachment-large size-large wp-image-1067\" alt=\"\" srcset=\"https:\/\/impact-afrik.com\/wp-content\/uploads\/2026\/01\/60-1024x576.png 1024w, https:\/\/impact-afrik.com\/wp-content\/uploads\/2026\/01\/60-300x169.png 300w, https:\/\/impact-afrik.com\/wp-content\/uploads\/2026\/01\/60-1536x864.png 1536w, https:\/\/impact-afrik.com\/wp-content\/uploads\/2026\/01\/60-18x10.png 18w, https:\/\/impact-afrik.com\/wp-content\/uploads\/2026\/01\/60.png 1920w\" sizes=\"100vw\" \/>\t\t\t\t\t\t\t\t\t\t\t\t\t\t\t<\/div>\n\t\t\t\t<div class=\"elementor-element elementor-element-7e2e0b6 elementor-widget elementor-widget-text-editor\" data-id=\"7e2e0b6\" data-element_type=\"widget\" data-e-type=\"widget\" data-widget_type=\"text-editor.default\">\n\t\t\t\t\t\t\t\t\t<p><span class=\"a_GcMg font-feature-liga-off font-feature-clig-off font-feature-calt-off text-decoration-none text-strikethrough-none\" style=\"color: rgba(39,44,87,var(--o42jjq,1)); caret-color: #272c57; font-kerning: none;\">We integrate sustainable practices and innovative solutions into every project.<\/span><\/p>\t\t\t\t\t\t\t\t<\/div>\n\t\t\t\t<\/div>\n\t\t<div class=\"elementor-element elementor-element-1a0b35a e-con-full e-flex e-con e-child\" data-id=\"1a0b35a\" data-element_type=\"container\" data-e-type=\"container\">\n\t\t\t\t<div class=\"elementor-element elementor-element-7a0f9ba elementor-widget elementor-widget-heading\" data-id=\"7a0f9ba\" data-element_type=\"widget\" data-e-type=\"widget\" data-widget_type=\"heading.default\">\n\t\t\t\t\t<h3 class=\"elementor-heading-title elementor-size-default\">Sustainable cooperation<\/h3>\t\t\t\t<\/div>\n\t\t\t\t<div class=\"elementor-element elementor-element-c620ff9 elementor-widget elementor-widget-image\" data-id=\"c620ff9\" data-element_type=\"widget\" data-e-type=\"widget\" data-widget_type=\"image.default\">\n\t\t\t\t\t\t\t\t\t\t\t\t\t\t\t<img loading=\"lazy\" decoding=\"async\" width=\"950\" height=\"534\" src=\"https:\/\/impact-afrik.com\/wp-content\/uploads\/2026\/01\/62-1024x576.png\" class=\"attachment-large size-large wp-image-1069\" alt=\"\" srcset=\"https:\/\/impact-afrik.com\/wp-content\/uploads\/2026\/01\/62-1024x576.png 1024w, https:\/\/impact-afrik.com\/wp-content\/uploads\/2026\/01\/62-300x169.png 300w, https:\/\/impact-afrik.com\/wp-content\/uploads\/2026\/01\/62-1536x864.png 1536w, https:\/\/impact-afrik.com\/wp-content\/uploads\/2026\/01\/62-18x10.png 18w, https:\/\/impact-afrik.com\/wp-content\/uploads\/2026\/01\/62.png 1920w\" sizes=\"100vw\" \/>\t\t\t\t\t\t\t\t\t\t\t\t\t\t\t<\/div>\n\t\t\t\t<div class=\"elementor-element elementor-element-94ac38d elementor-widget elementor-widget-text-editor\" data-id=\"94ac38d\" data-element_type=\"widget\" data-e-type=\"widget\" data-widget_type=\"text-editor.default\">\n\t\t\t\t\t\t\t\t\t<p><span class=\"a_GcMg font-feature-liga-off font-feature-clig-off font-feature-calt-off text-decoration-none text-strikethrough-none\" style=\"color: rgba(39,44,87,var(--o42jjq,1)); caret-color: #272c57; font-kerning: none;\">We believe in the power of teamwork and long-term partnerships.<\/span><\/p>\t\t\t\t\t\t\t\t<\/div>\n\t\t\t\t<\/div>\n\t\t\t\t<\/div>\n\t\t\t\t<\/div>","protected":false},"excerpt":{"rendered":"<p>Impact Afrik Consulting est n\u00e9 d\u2019une conviction partag\u00e9e : celle que le d\u00e9veloppement \u00e9conomique de l\u2019Afrique repose sur des partenariats solides, une expertise locale et une vision durable. Port\u00e9 par une double g\u00e9n\u00e9ration de consultantes engag\u00e9es, le cabinet s\u2019ancre entre le S\u00e9n\u00e9gal et la France, reliant les \u00e9cosyst\u00e8mes \u00e9conomiques africains et europ\u00e9ens.\u00a0 Fortes d\u2019exp\u00e9riences compl\u00e9mentaires &hellip; <\/p>\n<p class=\"link-more\"><a href=\"https:\/\/impact-afrik.com\/en\/identite\/\" class=\"more-link\">Read more<span class=\"screen-reader-text\"> \u00ab\u00a0\u00c0 propos de nous\u00a0\u00bb<\/span><\/a><\/p>","protected":false},"author":1,"featured_media":0,"parent":0,"menu_order":2,"comment_status":"closed","ping_status":"closed","template":"elementor_theme","meta":{"inspiro_hide_title":false,"footnotes":""},"class_list":["post-498","page","type-page","status-publish","hentry"],"_links":{"self":[{"href":"https:\/\/impact-afrik.com\/en\/wp-json\/wp\/v2\/pages\/498","targetHints":{"allow":["GET"]}}],"collection":[{"href":"https:\/\/impact-afrik.com\/en\/wp-json\/wp\/v2\/pages"}],"about":[{"href":"https:\/\/impact-afrik.com\/en\/wp-json\/wp\/v2\/types\/page"}],"author":[{"embeddable":true,"href":"https:\/\/impact-afrik.com\/en\/wp-json\/wp\/v2\/users\/1"}],"replies":[{"embeddable":true,"href":"https:\/\/impact-afrik.com\/en\/wp-json\/wp\/v2\/comments?post=498"}],"version-history":[{"count":20,"href":"https:\/\/impact-afrik.com\/en\/wp-json\/wp\/v2\/pages\/498\/revisions"}],"predecessor-version":[{"id":1220,"href":"https:\/\/impact-afrik.com\/en\/wp-json\/wp\/v2\/pages\/498\/revisions\/1220"}],"wp:attachment":[{"href":"https:\/\/impact-afrik.com\/en\/wp-json\/wp\/v2\/media?parent=498"}],"curies":[{"name":"wp","href":"https:\/\/api.w.org\/{rel}","templated":true}]}}