{"id":2,"date":"2025-11-06T16:20:15","date_gmt":"2025-11-06T16:20:15","guid":{"rendered":"https:\/\/impact-afrik.com\/?page_id=2"},"modified":"2026-03-27T19:03:33","modified_gmt":"2026-03-27T19:03:33","slug":"contact","status":"publish","type":"page","link":"https:\/\/impact-afrik.com\/en\/contact\/","title":{"rendered":"Contact"},"content":{"rendered":"\t\t<div data-elementor-type=\"wp-page\" data-elementor-id=\"2\" class=\"elementor elementor-2\">\n\t\t\t\t<div class=\"elementor-element elementor-element-7e177bcc e-con-full e-flex e-con e-parent\" data-id=\"7e177bcc\" data-element_type=\"container\" data-e-type=\"container\">\n\t\t\t\t<div class=\"elementor-element elementor-element-ce2d496 elementor-widget elementor-widget-heading\" data-id=\"ce2d496\" data-element_type=\"widget\" data-e-type=\"widget\" data-widget_type=\"heading.default\">\n\t\t\t\t\t<h2 class=\"elementor-heading-title elementor-size-default\">Contactez nous et demandez votre consultation gratuite !<\/h2>\t\t\t\t<\/div>\n\t\t\t\t<\/div>\n\t\t<div class=\"elementor-element elementor-element-6894a7f e-con-full e-flex e-con e-parent\" data-id=\"6894a7f\" data-element_type=\"container\" data-e-type=\"container\">\n\t\t<div class=\"elementor-element elementor-element-2f95a04 e-con-full e-flex e-con e-child\" data-id=\"2f95a04\" data-element_type=\"container\" data-e-type=\"container\">\n\t\t<div class=\"elementor-element elementor-element-68af8db e-con-full e-flex e-con e-child\" data-id=\"68af8db\" data-element_type=\"container\" data-e-type=\"container\">\n\t\t\t\t<div class=\"elementor-element elementor-element-002969e elementor-widget elementor-widget-image\" data-id=\"002969e\" data-element_type=\"widget\" data-e-type=\"widget\" data-widget_type=\"image.default\">\n\t\t\t\t\t\t\t\t\t\t\t\t\t\t\t<img fetchpriority=\"high\" decoding=\"async\" width=\"950\" height=\"534\" src=\"https:\/\/impact-afrik.com\/wp-content\/uploads\/2026\/01\/banque-photos-site-2-1-1024x576.png\" class=\"attachment-large size-large wp-image-1074\" alt=\"\" srcset=\"https:\/\/impact-afrik.com\/wp-content\/uploads\/2026\/01\/banque-photos-site-2-1-1024x576.png 1024w, https:\/\/impact-afrik.com\/wp-content\/uploads\/2026\/01\/banque-photos-site-2-1-300x169.png 300w, https:\/\/impact-afrik.com\/wp-content\/uploads\/2026\/01\/banque-photos-site-2-1-1536x864.png 1536w, https:\/\/impact-afrik.com\/wp-content\/uploads\/2026\/01\/banque-photos-site-2-1-18x10.png 18w, https:\/\/impact-afrik.com\/wp-content\/uploads\/2026\/01\/banque-photos-site-2-1.png 1920w\" sizes=\"100vw\" \/>\t\t\t\t\t\t\t\t\t\t\t\t\t\t\t<\/div>\n\t\t\t\t<div class=\"elementor-element elementor-element-0dad04c elementor-widget elementor-widget-wpforms\" data-id=\"0dad04c\" data-element_type=\"widget\" data-e-type=\"widget\" data-widget_type=\"wpforms.default\">\n\t\t\t\t<div class=\"elementor-widget-container\">\n\t\t\t\t\t<div class=\"wpforms-container wpforms-container-full wpforms-render-modern\" id=\"wpforms-1111\"><form id=\"wpforms-form-1111\" class=\"wpforms-validate wpforms-form wpforms-ajax-form\" data-formid=\"1111\" method=\"post\" enctype=\"multipart\/form-data\" action=\"\/en\/wp-json\/wp\/v2\/pages\/2\" data-token=\"b01a5b63acb3d6c82bedc278950177aa\" data-token-time=\"1777484372\"><noscript class=\"wpforms-error-noscript\">Please enable JavaScript in your browser to complete this form.<\/noscript><div id=\"wpforms-error-noscript\" style=\"display: none;\">Please enable JavaScript in your browser to complete this form.<\/div><div class=\"wpforms-field-container\"><div id=\"wpforms-1111-field_0-container\" class=\"wpforms-field wpforms-field-name\" data-field-id=\"0\"><fieldset><legend class=\"wpforms-field-label\">Nom <span class=\"wpforms-required-label\" aria-hidden=\"true\">*<\/span><\/legend><div class=\"wpforms-field-row wpforms-field-medium\"><div class=\"wpforms-field-row-block wpforms-first wpforms-one-half\"><input type=\"text\" id=\"wpforms-1111-field_0\" class=\"wpforms-field-name-first wpforms-field-required\" name=\"wpforms[fields][0][first]\" aria-errormessage=\"wpforms-1111-field_0-error\" required><label for=\"wpforms-1111-field_0\" class=\"wpforms-field-sublabel after\">First<\/label><\/div><div class=\"wpforms-field-row-block wpforms-one-half\"><input type=\"text\" id=\"wpforms-1111-field_0-last\" class=\"wpforms-field-name-last wpforms-field-required\" name=\"wpforms[fields][0][last]\" aria-errormessage=\"wpforms-1111-field_0-last-error\" required><label for=\"wpforms-1111-field_0-last\" class=\"wpforms-field-sublabel after\">Last<\/label><\/div><\/div><\/fieldset><\/div><div id=\"wpforms-1111-field_1-container\" class=\"wpforms-field wpforms-field-email\" data-field-id=\"1\"><label class=\"wpforms-field-label\" for=\"wpforms-1111-field_1\">Email <span class=\"wpforms-required-label\" aria-hidden=\"true\">*<\/span><\/label><input type=\"email\" id=\"wpforms-1111-field_1\" class=\"wpforms-field-medium wpforms-field-required\" name=\"wpforms[fields][1]\" spellcheck=\"false\" aria-errormessage=\"wpforms-1111-field_1-error\" required><\/div>\t\t<div id=\"wpforms-1111-field_2-container\"\n\t\t\tclass=\"wpforms-field wpforms-field-text\"\n\t\t\tdata-field-type=\"text\"\n\t\t\tdata-field-id=\"2\"\n\t\t\t>\n\t\t\t<label class=\"wpforms-field-label\" for=\"wpforms-1111-field_2\" >? Nom demande<\/label>\n\t\t\t<input type=\"text\" id=\"wpforms-1111-field_2\" class=\"wpforms-field-medium\" name=\"wpforms[fields][2]\" >\n\t\t<\/div>\n\t\t<div id=\"wpforms-1111-field_6-container\" class=\"wpforms-field wpforms-field-email\" data-field-id=\"6\"><label class=\"wpforms-field-label\" for=\"wpforms-1111-field_6\">Soci\u00e9t\u00e9<\/label><input type=\"email\" id=\"wpforms-1111-field_6\" class=\"wpforms-field-medium\" name=\"wpforms[fields][6]\" spellcheck=\"false\" aria-errormessage=\"wpforms-1111-field_6-error\" ><\/div><div id=\"wpforms-1111-field_7-container\" class=\"wpforms-field wpforms-field-select wpforms-field-select-style-classic\" data-field-id=\"7\"><label class=\"wpforms-field-label\" for=\"wpforms-1111-field_7\">Quelle est la nature de votre demande ? <span class=\"wpforms-required-label\" aria-hidden=\"true\">*<\/span><\/label><select id=\"wpforms-1111-field_7\" class=\"wpforms-field-medium wpforms-field-required\" name=\"wpforms[fields][7]\" required=\"required\"><option value=\"Premier rdv\"  class=\"choice-3 depth-1\"  >Premier rdv<\/option><option value=\"Demande de service\"  class=\"choice-5 depth-1\"  >Demande de service<\/option><option value=\"Demande de formation\"  class=\"choice-4 depth-1\"  >Demande de formation<\/option><option value=\"Autre\"  class=\"choice-6 depth-1\"  >Autre<\/option><\/select><\/div><div id=\"wpforms-1111-field_8-container\" class=\"wpforms-field wpforms-field-textarea\" data-field-id=\"8\"><label class=\"wpforms-field-label\" for=\"wpforms-1111-field_8\">Exprimez votre demande : <span class=\"wpforms-required-label\" aria-hidden=\"true\">*<\/span><\/label><textarea id=\"wpforms-1111-field_8\" class=\"wpforms-field-medium wpforms-field-required\" name=\"wpforms[fields][8]\" aria-errormessage=\"wpforms-1111-field_8-error\" required><\/textarea><\/div><div id=\"wpforms-1111-field_3-container\" class=\"wpforms-field wpforms-field-select wpforms-field-select-style-classic\" data-field-id=\"3\"><label class=\"wpforms-field-label\" for=\"wpforms-1111-field_3\">Comment nous avez-vous d\u00e9couvert ? <span class=\"wpforms-required-label\" aria-hidden=\"true\">*<\/span><\/label><select id=\"wpforms-1111-field_3\" class=\"wpforms-field-medium wpforms-field-required\" name=\"wpforms[fields][3]\" required=\"required\"><option value=\"LinkedIn\"  class=\"choice-3 depth-1\"  >LinkedIn<\/option><option value=\"Instagram\"  class=\"choice-5 depth-1\"  >Instagram<\/option><option value=\"Recherche internet\"  class=\"choice-4 depth-1\"  >Recherche internet<\/option><option value=\"bouche \u00e0 oreille\"  class=\"choice-7 depth-1\"  >bouche \u00e0 oreille<\/option><option value=\"Autre\"  class=\"choice-6 depth-1\"  >Autre<\/option><\/select><\/div><div id=\"wpforms-1111-field_5-container\" class=\"wpforms-field wpforms-field-checkbox\" data-field-id=\"5\"><fieldset><legend class=\"wpforms-field-label wpforms-label-hide\" aria-hidden=\"false\">Marketing email consent<\/legend><ul id=\"wpforms-1111-field_5\"><li class=\"choice-1 depth-1\"><input type=\"checkbox\" id=\"wpforms-1111-field_5_1\" name=\"wpforms[fields][5][]\" value=\"Cocher pour \u00eatre ajout\u00e9 \u00e0 notre liste d&#039;emails\" aria-errormessage=\"wpforms-1111-field_5_1-error\"  ><label class=\"wpforms-field-label-inline\" for=\"wpforms-1111-field_5_1\">Cocher pour \u00eatre ajout\u00e9 \u00e0 notre liste d'emails<\/label><\/li><\/ul><\/fieldset><\/div><script>\n\t\t\t\t( function() {\n\t\t\t\t\tconst style = document.createElement( 'style' );\n\t\t\t\t\tstyle.appendChild( document.createTextNode( '#wpforms-1111-field_2-container { position: absolute !important; overflow: hidden !important; display: inline !important; height: 1px !important; width: 1px !important; z-index: -1000 !important; padding: 0 !important; } #wpforms-1111-field_2-container input { visibility: hidden; } #wpforms-conversational-form-page #wpforms-1111-field_2-container label { counter-increment: none; }' ) );\n\t\t\t\t\tdocument.head.appendChild( style );\n\t\t\t\t\tdocument.currentScript?.remove();\n\t\t\t\t} )();\n\t\t\t<\/script><\/div><!-- .wpforms-field-container --><div class=\"wpforms-submit-container\" ><input type=\"hidden\" name=\"wpforms[id]\" value=\"1111\"><input type=\"hidden\" name=\"page_title\" value=\"\"><input type=\"hidden\" name=\"page_url\" value=\"https:\/\/impact-afrik.com\/en\/wp-json\/wp\/v2\/pages\/2\"><input type=\"hidden\" name=\"url_referer\" value=\"\"><button type=\"submit\" name=\"wpforms[submit]\" id=\"wpforms-submit-1111\" class=\"wpforms-submit\" data-alt-text=\"Envoi en cours...\" data-submit-text=\"Envoyer\" aria-live=\"assertive\" value=\"wpforms-submit\">Envoyer<\/button><img decoding=\"async\" src=\"https:\/\/impact-afrik.com\/wp-content\/plugins\/wpforms-lite\/assets\/images\/submit-spin.svg\" class=\"wpforms-submit-spinner\" style=\"display: none;\" width=\"26\" height=\"26\" alt=\"Loading\"><\/div><\/form><\/div>  <!-- .wpforms-container -->\t\t\t\t<\/div>\n\t\t\t\t<\/div>\n\t\t\t\t<\/div>\n\t\t\t\t<\/div>\n\t\t\t\t<\/div>\n\t\t<div class=\"elementor-element elementor-element-810e170 e-con-full e-flex e-con e-parent\" data-id=\"810e170\" data-element_type=\"container\" data-e-type=\"container\">\n\t\t\t\t<div class=\"elementor-element elementor-element-2f7073d elementor-widget elementor-widget-text-editor\" data-id=\"2f7073d\" data-element_type=\"widget\" data-e-type=\"widget\" data-widget_type=\"text-editor.default\">\n\t\t\t\t\t\t\t\t\t<h2>T\u00e9l\u00e9phone<\/h2><p><span style=\"color: rgba(5,29,100,var(--o42jjq,1)); caret-color: #051d64; --ys-xuq: none; font-weight: bold; font-kerning: none;\">S\u00e9n\u00e9gal : +221 33 824 33 34 \/ +221 70 551 11 00<\/span><\/p><p><span style=\"color: rgba(5,29,100,var(--o42jjq,1)); caret-color: #051d64; --ys-xuq: none; font-weight: bold; font-kerning: none;\">France : +33 7 52 90 97 25<\/span><\/p><h2>Email<\/h2><div><span style=\"color: rgba(5,29,100,var(--o42jjq,1)); caret-color: #051d64; --ys-xuq: none; font-weight: bold; font-kerning: none;\">isn@impact-afrik.com\u00a0 \/\u00a0<\/span><span style=\"color: rgba(5,29,100,var(--o42jjq,1)); font-weight: bold; caret-color: #051d64;\">ifr@impact-afrik.com<\/span><\/div>\t\t\t\t\t\t\t\t<\/div>\n\t\t\t\t<div class=\"elementor-element elementor-element-7f10bee elementor-widget elementor-widget-text-editor\" data-id=\"7f10bee\" data-element_type=\"widget\" data-e-type=\"widget\" data-widget_type=\"text-editor.default\">\n\t\t\t\t\t\t\t\t\t<h2>Adresse postale<\/h2><p><strong><span style=\"color: rgba(39,44,87,var(--o42jjq,1)); caret-color: #272c57;\">Mermoz pyrotechnique 24, rue MZ-51, 179 &#8211;\u00a0<\/span><\/strong><strong>Dakar, S\u00e9n\u00e9gal.<\/strong><\/p>\t\t\t\t\t\t\t\t<\/div>\n\t\t\t\t<\/div>\n\t\t\t\t<\/div>\n\t\t","protected":false},"excerpt":{"rendered":"<p>Contactez nous et demandez votre consultation gratuite ! Veuillez activer JavaScript dans votre navigateur pour remplir ce formulaire.Veuillez activer JavaScript dans votre navigateur pour remplir ce formulaire. Nom * Pr\u00e9nomNom Email *Soci\u00e9t\u00e9Quelle est la nature de votre demande ? *Premier rdvDemande de serviceDemande de formationAutreExprimez votre demande : *Comment nous avez-vous d\u00e9couvert ? *LinkedInInstagramRecherche internetbouche &hellip; <\/p>\n<p class=\"link-more\"><a href=\"https:\/\/impact-afrik.com\/en\/contact\/\" class=\"more-link\">Read more<span class=\"screen-reader-text\"> \u00ab\u00a0Contact\u00a0\u00bb<\/span><\/a><\/p>","protected":false},"author":1,"featured_media":0,"parent":0,"menu_order":0,"comment_status":"closed","ping_status":"closed","template":"elementor_theme","meta":{"inspiro_hide_title":false,"footnotes":""},"class_list":["post-2","page","type-page","status-publish","hentry"],"_links":{"self":[{"href":"https:\/\/impact-afrik.com\/en\/wp-json\/wp\/v2\/pages\/2","targetHints":{"allow":["GET"]}}],"collection":[{"href":"https:\/\/impact-afrik.com\/en\/wp-json\/wp\/v2\/pages"}],"about":[{"href":"https:\/\/impact-afrik.com\/en\/wp-json\/wp\/v2\/types\/page"}],"author":[{"embeddable":true,"href":"https:\/\/impact-afrik.com\/en\/wp-json\/wp\/v2\/users\/1"}],"replies":[{"embeddable":true,"href":"https:\/\/impact-afrik.com\/en\/wp-json\/wp\/v2\/comments?post=2"}],"version-history":[{"count":14,"href":"https:\/\/impact-afrik.com\/en\/wp-json\/wp\/v2\/pages\/2\/revisions"}],"predecessor-version":[{"id":1238,"href":"https:\/\/impact-afrik.com\/en\/wp-json\/wp\/v2\/pages\/2\/revisions\/1238"}],"wp:attachment":[{"href":"https:\/\/impact-afrik.com\/en\/wp-json\/wp\/v2\/media?parent=2"}],"curies":[{"name":"wp","href":"https:\/\/api.w.org\/{rel}","templated":true}]}}